{"id":69,"date":"2024-08-23T12:31:05","date_gmt":"2024-08-23T09:31:05","guid":{"rendered":"https:\/\/www.hl-mark.fi\/kotisivulaboratorio\/kyyhkpaivak\/?page_id=69"},"modified":"2024-10-22T11:44:09","modified_gmt":"2024-10-22T11:44:09","slug":"lasten-suusta","status":"publish","type":"page","link":"https:\/\/dev.kyyhkylanpaivakoti.fi\/index.php\/lasten-suusta\/","title":{"rendered":"Lasten suusta"},"content":{"rendered":"\n<figure class=\"wp-block-image aligncenter size-full\"><img loading=\"lazy\" decoding=\"async\" width=\"1919\" height=\"815\" src=\"https:\/\/dev.kyyhkylanpaivakoti.fi\/wp-content\/uploads\/2024\/10\/Kyyhkylan-linnut-lentaa.jpg\" alt=\"\" class=\"wp-image-173\" srcset=\"https:\/\/dev.kyyhkylanpaivakoti.fi\/wp-content\/uploads\/2024\/10\/Kyyhkylan-linnut-lentaa.jpg 1919w, https:\/\/dev.kyyhkylanpaivakoti.fi\/wp-content\/uploads\/2024\/10\/Kyyhkylan-linnut-lentaa-300x127.jpg 300w, https:\/\/dev.kyyhkylanpaivakoti.fi\/wp-content\/uploads\/2024\/10\/Kyyhkylan-linnut-lentaa-1024x435.jpg 1024w, https:\/\/dev.kyyhkylanpaivakoti.fi\/wp-content\/uploads\/2024\/10\/Kyyhkylan-linnut-lentaa-768x326.jpg 768w, https:\/\/dev.kyyhkylanpaivakoti.fi\/wp-content\/uploads\/2024\/10\/Kyyhkylan-linnut-lentaa-1536x652.jpg 1536w\" sizes=\"auto, (max-width: 1919px) 100vw, 1919px\" \/><\/figure>\n\n\n\n<div style=\"height:50px\" aria-hidden=\"true\" class=\"wp-block-spacer\"><\/div>\n\n\n<h2 class=\"has-text-align-center wp-block-post-title\">Lasten suusta<\/h2>\n\n\n<div style=\"height:63px\" aria-hidden=\"true\" class=\"wp-block-spacer\"><\/div>\n\n\n\n<div class=\"wp-block-columns is-layout-flex wp-container-core-columns-is-layout-28f84493 wp-block-columns-is-layout-flex\">\n<div class=\"wp-block-column is-layout-flow wp-block-column-is-layout-flow\">\n<p>Olemme jutelleet lasten kanssa ja miettineet yhdess\u00e4, mit\u00e4 t\u00e4\u00e4ll\u00e4 on mukava tehd\u00e4 ja mit\u00e4 kaikkea kivaa olemme jo tehneet.&nbsp;<\/p>\n\n\n\n<h2 class=\"wp-block-heading\">\u2026P\u00e4iv\u00e4kodissa tykk\u00e4\u00e4n:<\/h2>\n\n\n\n<ul class=\"wp-block-list\">\n<li>Ajaa traktorilla hiekkalaatikolla ja isolla kuorma-autolla ulkona<\/li>\n\n\n\n<li>Juosta jumppasalissa<\/li>\n\n\n\n<li>Ihaninta p\u00e4iv\u00e4kodilla on kiipeill\u00e4 puolapuilla<\/li>\n\n\n\n<li>Sy\u00f6d\u00e4 makaronilaatikkoa ja lihapullia&nbsp;<\/li>\n\n\n\n<li>Lelup\u00e4iv\u00e4, hiiht\u00e4minen, laulaminen ja tonttulaulut<\/li>\n\n\n\n<li>Leikki\u00e4 autoilla ja ty\u00f6kaluilla<\/li>\n\n\n\n<li>Makkaranpaisto on kivaa<\/li>\n\n\n\n<li>Pikkuautoleikit ja parkkitalot<\/li>\n\n\n\n<li>M\u00e4 tykk\u00e4\u00e4n t\u00e4\u00e4ll\u00e4 leipoa<\/li>\n\n\n\n<li>Ulkoilu ja ulkona oleminen on ihanaa!<\/li>\n<\/ul>\n\n\n\n<h2 class=\"wp-block-heading\">Ymp\u00e4r\u00f6iv\u00e4 luonto ja ulkoilu nousi monen lapsen puheessa:<\/h2>\n\n\n\n<ul class=\"wp-block-list\">\n<li>Tykk\u00e4\u00e4n pomppia keinulaudalla ja leikki\u00e4 kavereiden kanssa<\/li>\n\n\n\n<li>Tykk\u00e4\u00e4n tehd\u00e4 lumit\u00f6it\u00e4<\/li>\n\n\n\n<li>M\u00e4 tykk\u00e4\u00e4n siit\u00e4 ku k\u00e4ytii hodarilla laavulla!<\/li>\n\n\n\n<li>Parasta leikki\u00e4 pihalla<\/li>\n<\/ul>\n\n\n\n<h2 class=\"wp-block-heading\">Yst\u00e4vyyssuhteetkin nousivat pintaan:<\/h2>\n\n\n\n<ul class=\"wp-block-list\">\n<li>Parasta on kaikki kaverit &nbsp;<\/li>\n\n\n\n<li>Tanssiminen on ihanaa t\u00e4tien kanssa<\/li>\n\n\n\n<li>Ihanimpaa on k\u00e4yd\u00e4 ulkona yst\u00e4vien kanssa ja sy\u00f6d\u00e4 kananugetteja<\/li>\n\n\n\n<li>Leikki\u00e4 pienill\u00e4 leluilla yst\u00e4v\u00e4n kanssa ja vauvanukella, katsoa elokuvaa<\/li>\n\n\n\n<li>Leikki\u00e4 kavereiden kanssa, tehd\u00e4 viskariteht\u00e4vi\u00e4, oman lelun p\u00e4iv\u00e4st\u00e4, aamupiirist\u00e4<\/li>\n\n\n\n<li>Aikuiset keksii kaikkea hauskaa, yll\u00e4tyksi\u00e4!<\/li>\n\n\n\n<li>Parasta kun aikuiset pystyy tulee joskus pulkan kyytiin<\/li>\n\n\n\n<li>Ollaan saatu viett\u00e4\u00e4 kavereitten kanssa kivaa aikaa!<\/li>\n\n\n\n<li>On kivaa kun aikuiset tulee hippaleikkiin mukaan ja on hippoja<\/li>\n<\/ul>\n<\/div>\n<\/div>\n","protected":false},"excerpt":{"rendered":"<p>Olemme jutelleet lasten kanssa ja miettineet yhdess\u00e4, mit\u00e4 t\u00e4\u00e4ll\u00e4 on mukava tehd\u00e4 ja mit\u00e4 kaikkea kivaa olemme jo tehneet.&nbsp; \u2026P\u00e4iv\u00e4kodissa [&hellip;]<\/p>\n","protected":false},"author":1,"featured_media":0,"parent":0,"menu_order":0,"comment_status":"closed","ping_status":"closed","template":"","meta":{"site-sidebar-layout":"default","site-content-layout":"","ast-site-content-layout":"","site-content-style":"default","site-sidebar-style":"default","ast-global-header-display":"","ast-banner-title-visibility":"","ast-main-header-display":"","ast-hfb-above-header-display":"","ast-hfb-below-header-display":"","ast-hfb-mobile-header-display":"","site-post-title":"disabled","ast-breadcrumbs-content":"","ast-featured-img":"","footer-sml-layout":"","theme-transparent-header-meta":"disabled","adv-header-id-meta":"","stick-header-meta":"","header-above-stick-meta":"","header-main-stick-meta":"","header-below-stick-meta":"","astra-migrate-meta-layouts":"default","ast-page-background-enabled":"default","ast-page-background-meta":{"desktop":{"background-color":"var(--ast-global-color-4)","background-image":"","background-repeat":"repeat","background-position":"center center","background-size":"auto","background-attachment":"scroll","background-type":"","background-media":"","overlay-type":"","overlay-color":"","overlay-opacity":"","overlay-gradient":""},"tablet":{"background-color":"","background-image":"","background-repeat":"repeat","background-position":"center center","background-size":"auto","background-attachment":"scroll","background-type":"","background-media":"","overlay-type":"","overlay-color":"","overlay-opacity":"","overlay-gradient":""},"mobile":{"background-color":"","background-image":"","background-repeat":"repeat","background-position":"center center","background-size":"auto","background-attachment":"scroll","background-type":"","background-media":"","overlay-type":"","overlay-color":"","overlay-opacity":"","overlay-gradient":""}},"ast-content-background-meta":{"desktop":{"background-color":"var(--ast-global-color-5)","background-image":"","background-repeat":"repeat","background-position":"center center","background-size":"auto","background-attachment":"scroll","background-type":"","background-media":"","overlay-type":"","overlay-color":"","overlay-opacity":"","overlay-gradient":""},"tablet":{"background-color":"var(--ast-global-color-5)","background-image":"","background-repeat":"repeat","background-position":"center center","background-size":"auto","background-attachment":"scroll","background-type":"","background-media":"","overlay-type":"","overlay-color":"","overlay-opacity":"","overlay-gradient":""},"mobile":{"background-color":"var(--ast-global-color-5)","background-image":"","background-repeat":"repeat","background-position":"center center","background-size":"auto","background-attachment":"scroll","background-type":"","background-media":"","overlay-type":"","overlay-color":"","overlay-opacity":"","overlay-gradient":""}},"footnotes":""},"class_list":["post-69","page","type-page","status-publish","hentry"],"yoast_head":"<!-- This site is optimized with the Yoast SEO plugin v27.3 - https:\/\/yoast.com\/product\/yoast-seo-wordpress\/ -->\n<title>Lasten suusta - Kyyhkyl\u00e4n p\u00e4iv\u00e4koti<\/title>\n<meta name=\"robots\" content=\"index, follow, max-snippet:-1, max-image-preview:large, max-video-preview:-1\" \/>\n<link rel=\"canonical\" href=\"https:\/\/dev.kyyhkylanpaivakoti.fi\/index.php\/lasten-suusta\/\" \/>\n<meta property=\"og:locale\" content=\"fi_FI\" \/>\n<meta property=\"og:type\" content=\"article\" \/>\n<meta property=\"og:title\" content=\"Lasten suusta - Kyyhkyl\u00e4n p\u00e4iv\u00e4koti\" \/>\n<meta property=\"og:description\" content=\"Olemme jutelleet lasten kanssa ja miettineet yhdess\u00e4, mit\u00e4 t\u00e4\u00e4ll\u00e4 on mukava tehd\u00e4 ja mit\u00e4 kaikkea kivaa olemme jo tehneet.&nbsp; \u2026P\u00e4iv\u00e4kodissa [&hellip;]\" \/>\n<meta property=\"og:url\" content=\"https:\/\/dev.kyyhkylanpaivakoti.fi\/index.php\/lasten-suusta\/\" \/>\n<meta property=\"og:site_name\" content=\"Kyyhkyl\u00e4n p\u00e4iv\u00e4koti\" \/>\n<meta property=\"article:modified_time\" content=\"2024-10-22T11:44:09+00:00\" \/>\n<meta property=\"og:image\" content=\"https:\/\/dev.kyyhkylanpaivakoti.fi\/wp-content\/uploads\/2024\/10\/Kyyhkylan-linnut-lentaa.jpg\" \/>\n\t<meta property=\"og:image:width\" content=\"1919\" \/>\n\t<meta property=\"og:image:height\" content=\"815\" \/>\n\t<meta property=\"og:image:type\" content=\"image\/jpeg\" \/>\n<meta name=\"twitter:card\" content=\"summary_large_image\" \/>\n<meta name=\"twitter:label1\" content=\"Arvioitu lukuaika\" \/>\n\t<meta name=\"twitter:data1\" content=\"2 minuuttia\" \/>\n<script type=\"application\/ld+json\" class=\"yoast-schema-graph\">{\"@context\":\"https:\\\/\\\/schema.org\",\"@graph\":[{\"@type\":\"WebPage\",\"@id\":\"https:\\\/\\\/dev.kyyhkylanpaivakoti.fi\\\/index.php\\\/lasten-suusta\\\/\",\"url\":\"https:\\\/\\\/dev.kyyhkylanpaivakoti.fi\\\/index.php\\\/lasten-suusta\\\/\",\"name\":\"Lasten suusta - Kyyhkyl\u00e4n p\u00e4iv\u00e4koti\",\"isPartOf\":{\"@id\":\"https:\\\/\\\/dev.kyyhkylanpaivakoti.fi\\\/#website\"},\"primaryImageOfPage\":{\"@id\":\"https:\\\/\\\/dev.kyyhkylanpaivakoti.fi\\\/index.php\\\/lasten-suusta\\\/#primaryimage\"},\"image\":{\"@id\":\"https:\\\/\\\/dev.kyyhkylanpaivakoti.fi\\\/index.php\\\/lasten-suusta\\\/#primaryimage\"},\"thumbnailUrl\":\"https:\\\/\\\/dev.kyyhkylanpaivakoti.fi\\\/wp-content\\\/uploads\\\/2024\\\/10\\\/Kyyhkylan-linnut-lentaa.jpg\",\"datePublished\":\"2024-08-23T09:31:05+00:00\",\"dateModified\":\"2024-10-22T11:44:09+00:00\",\"breadcrumb\":{\"@id\":\"https:\\\/\\\/dev.kyyhkylanpaivakoti.fi\\\/index.php\\\/lasten-suusta\\\/#breadcrumb\"},\"inLanguage\":\"fi\",\"potentialAction\":[{\"@type\":\"ReadAction\",\"target\":[\"https:\\\/\\\/dev.kyyhkylanpaivakoti.fi\\\/index.php\\\/lasten-suusta\\\/\"]}]},{\"@type\":\"ImageObject\",\"inLanguage\":\"fi\",\"@id\":\"https:\\\/\\\/dev.kyyhkylanpaivakoti.fi\\\/index.php\\\/lasten-suusta\\\/#primaryimage\",\"url\":\"https:\\\/\\\/dev.kyyhkylanpaivakoti.fi\\\/wp-content\\\/uploads\\\/2024\\\/10\\\/Kyyhkylan-linnut-lentaa.jpg\",\"contentUrl\":\"https:\\\/\\\/dev.kyyhkylanpaivakoti.fi\\\/wp-content\\\/uploads\\\/2024\\\/10\\\/Kyyhkylan-linnut-lentaa.jpg\",\"width\":1919,\"height\":815},{\"@type\":\"BreadcrumbList\",\"@id\":\"https:\\\/\\\/dev.kyyhkylanpaivakoti.fi\\\/index.php\\\/lasten-suusta\\\/#breadcrumb\",\"itemListElement\":[{\"@type\":\"ListItem\",\"position\":1,\"name\":\"Etusivu\",\"item\":\"https:\\\/\\\/dev.kyyhkylanpaivakoti.fi\\\/\"},{\"@type\":\"ListItem\",\"position\":2,\"name\":\"Lasten suusta\"}]},{\"@type\":\"WebSite\",\"@id\":\"https:\\\/\\\/dev.kyyhkylanpaivakoti.fi\\\/#website\",\"url\":\"https:\\\/\\\/dev.kyyhkylanpaivakoti.fi\\\/\",\"name\":\"Kyyhkyl\u00e4n p\u00e4iv\u00e4koti\",\"description\":\"\",\"publisher\":{\"@id\":\"https:\\\/\\\/dev.kyyhkylanpaivakoti.fi\\\/#organization\"},\"potentialAction\":[{\"@type\":\"SearchAction\",\"target\":{\"@type\":\"EntryPoint\",\"urlTemplate\":\"https:\\\/\\\/dev.kyyhkylanpaivakoti.fi\\\/?s={search_term_string}\"},\"query-input\":{\"@type\":\"PropertyValueSpecification\",\"valueRequired\":true,\"valueName\":\"search_term_string\"}}],\"inLanguage\":\"fi\"},{\"@type\":\"Organization\",\"@id\":\"https:\\\/\\\/dev.kyyhkylanpaivakoti.fi\\\/#organization\",\"name\":\"Kyyhkyl\u00e4n p\u00e4iv\u00e4koti\",\"url\":\"https:\\\/\\\/dev.kyyhkylanpaivakoti.fi\\\/\",\"logo\":{\"@type\":\"ImageObject\",\"inLanguage\":\"fi\",\"@id\":\"https:\\\/\\\/dev.kyyhkylanpaivakoti.fi\\\/#\\\/schema\\\/logo\\\/image\\\/\",\"url\":\"https:\\\/\\\/dev.kyyhkylanpaivakoti.fi\\\/wp-content\\\/uploads\\\/2024\\\/08\\\/kyyhkyla-mobiililogo2.png\",\"contentUrl\":\"https:\\\/\\\/dev.kyyhkylanpaivakoti.fi\\\/wp-content\\\/uploads\\\/2024\\\/08\\\/kyyhkyla-mobiililogo2.png\",\"width\":585,\"height\":451,\"caption\":\"Kyyhkyl\u00e4n p\u00e4iv\u00e4koti\"},\"image\":{\"@id\":\"https:\\\/\\\/dev.kyyhkylanpaivakoti.fi\\\/#\\\/schema\\\/logo\\\/image\\\/\"}}]}<\/script>\n<!-- \/ Yoast SEO plugin. -->","yoast_head_json":{"title":"Lasten suusta - Kyyhkyl\u00e4n p\u00e4iv\u00e4koti","robots":{"index":"index","follow":"follow","max-snippet":"max-snippet:-1","max-image-preview":"max-image-preview:large","max-video-preview":"max-video-preview:-1"},"canonical":"https:\/\/dev.kyyhkylanpaivakoti.fi\/index.php\/lasten-suusta\/","og_locale":"fi_FI","og_type":"article","og_title":"Lasten suusta - Kyyhkyl\u00e4n p\u00e4iv\u00e4koti","og_description":"Olemme jutelleet lasten kanssa ja miettineet yhdess\u00e4, mit\u00e4 t\u00e4\u00e4ll\u00e4 on mukava tehd\u00e4 ja mit\u00e4 kaikkea kivaa olemme jo tehneet.&nbsp; \u2026P\u00e4iv\u00e4kodissa [&hellip;]","og_url":"https:\/\/dev.kyyhkylanpaivakoti.fi\/index.php\/lasten-suusta\/","og_site_name":"Kyyhkyl\u00e4n p\u00e4iv\u00e4koti","article_modified_time":"2024-10-22T11:44:09+00:00","og_image":[{"width":1919,"height":815,"url":"https:\/\/dev.kyyhkylanpaivakoti.fi\/wp-content\/uploads\/2024\/10\/Kyyhkylan-linnut-lentaa.jpg","type":"image\/jpeg"}],"twitter_card":"summary_large_image","twitter_misc":{"Arvioitu lukuaika":"2 minuuttia"},"schema":{"@context":"https:\/\/schema.org","@graph":[{"@type":"WebPage","@id":"https:\/\/dev.kyyhkylanpaivakoti.fi\/index.php\/lasten-suusta\/","url":"https:\/\/dev.kyyhkylanpaivakoti.fi\/index.php\/lasten-suusta\/","name":"Lasten suusta - Kyyhkyl\u00e4n p\u00e4iv\u00e4koti","isPartOf":{"@id":"https:\/\/dev.kyyhkylanpaivakoti.fi\/#website"},"primaryImageOfPage":{"@id":"https:\/\/dev.kyyhkylanpaivakoti.fi\/index.php\/lasten-suusta\/#primaryimage"},"image":{"@id":"https:\/\/dev.kyyhkylanpaivakoti.fi\/index.php\/lasten-suusta\/#primaryimage"},"thumbnailUrl":"https:\/\/dev.kyyhkylanpaivakoti.fi\/wp-content\/uploads\/2024\/10\/Kyyhkylan-linnut-lentaa.jpg","datePublished":"2024-08-23T09:31:05+00:00","dateModified":"2024-10-22T11:44:09+00:00","breadcrumb":{"@id":"https:\/\/dev.kyyhkylanpaivakoti.fi\/index.php\/lasten-suusta\/#breadcrumb"},"inLanguage":"fi","potentialAction":[{"@type":"ReadAction","target":["https:\/\/dev.kyyhkylanpaivakoti.fi\/index.php\/lasten-suusta\/"]}]},{"@type":"ImageObject","inLanguage":"fi","@id":"https:\/\/dev.kyyhkylanpaivakoti.fi\/index.php\/lasten-suusta\/#primaryimage","url":"https:\/\/dev.kyyhkylanpaivakoti.fi\/wp-content\/uploads\/2024\/10\/Kyyhkylan-linnut-lentaa.jpg","contentUrl":"https:\/\/dev.kyyhkylanpaivakoti.fi\/wp-content\/uploads\/2024\/10\/Kyyhkylan-linnut-lentaa.jpg","width":1919,"height":815},{"@type":"BreadcrumbList","@id":"https:\/\/dev.kyyhkylanpaivakoti.fi\/index.php\/lasten-suusta\/#breadcrumb","itemListElement":[{"@type":"ListItem","position":1,"name":"Etusivu","item":"https:\/\/dev.kyyhkylanpaivakoti.fi\/"},{"@type":"ListItem","position":2,"name":"Lasten suusta"}]},{"@type":"WebSite","@id":"https:\/\/dev.kyyhkylanpaivakoti.fi\/#website","url":"https:\/\/dev.kyyhkylanpaivakoti.fi\/","name":"Kyyhkyl\u00e4n p\u00e4iv\u00e4koti","description":"","publisher":{"@id":"https:\/\/dev.kyyhkylanpaivakoti.fi\/#organization"},"potentialAction":[{"@type":"SearchAction","target":{"@type":"EntryPoint","urlTemplate":"https:\/\/dev.kyyhkylanpaivakoti.fi\/?s={search_term_string}"},"query-input":{"@type":"PropertyValueSpecification","valueRequired":true,"valueName":"search_term_string"}}],"inLanguage":"fi"},{"@type":"Organization","@id":"https:\/\/dev.kyyhkylanpaivakoti.fi\/#organization","name":"Kyyhkyl\u00e4n p\u00e4iv\u00e4koti","url":"https:\/\/dev.kyyhkylanpaivakoti.fi\/","logo":{"@type":"ImageObject","inLanguage":"fi","@id":"https:\/\/dev.kyyhkylanpaivakoti.fi\/#\/schema\/logo\/image\/","url":"https:\/\/dev.kyyhkylanpaivakoti.fi\/wp-content\/uploads\/2024\/08\/kyyhkyla-mobiililogo2.png","contentUrl":"https:\/\/dev.kyyhkylanpaivakoti.fi\/wp-content\/uploads\/2024\/08\/kyyhkyla-mobiililogo2.png","width":585,"height":451,"caption":"Kyyhkyl\u00e4n p\u00e4iv\u00e4koti"},"image":{"@id":"https:\/\/dev.kyyhkylanpaivakoti.fi\/#\/schema\/logo\/image\/"}}]}},"_links":{"self":[{"href":"https:\/\/dev.kyyhkylanpaivakoti.fi\/index.php\/wp-json\/wp\/v2\/pages\/69","targetHints":{"allow":["GET"]}}],"collection":[{"href":"https:\/\/dev.kyyhkylanpaivakoti.fi\/index.php\/wp-json\/wp\/v2\/pages"}],"about":[{"href":"https:\/\/dev.kyyhkylanpaivakoti.fi\/index.php\/wp-json\/wp\/v2\/types\/page"}],"author":[{"embeddable":true,"href":"https:\/\/dev.kyyhkylanpaivakoti.fi\/index.php\/wp-json\/wp\/v2\/users\/1"}],"replies":[{"embeddable":true,"href":"https:\/\/dev.kyyhkylanpaivakoti.fi\/index.php\/wp-json\/wp\/v2\/comments?post=69"}],"version-history":[{"count":2,"href":"https:\/\/dev.kyyhkylanpaivakoti.fi\/index.php\/wp-json\/wp\/v2\/pages\/69\/revisions"}],"predecessor-version":[{"id":174,"href":"https:\/\/dev.kyyhkylanpaivakoti.fi\/index.php\/wp-json\/wp\/v2\/pages\/69\/revisions\/174"}],"wp:attachment":[{"href":"https:\/\/dev.kyyhkylanpaivakoti.fi\/index.php\/wp-json\/wp\/v2\/media?parent=69"}],"curies":[{"name":"wp","href":"https:\/\/api.w.org\/{rel}","templated":true}]}}