{"id":65,"date":"2024-08-23T12:26:36","date_gmt":"2024-08-23T09:26:36","guid":{"rendered":"https:\/\/www.hl-mark.fi\/kotisivulaboratorio\/kyyhkpaivak\/?page_id=65"},"modified":"2024-10-22T11:31:29","modified_gmt":"2024-10-22T11:31:29","slug":"hakemukset","status":"publish","type":"page","link":"https:\/\/dev.kyyhkylanpaivakoti.fi\/index.php\/hakemukset\/","title":{"rendered":"Hakemukset"},"content":{"rendered":"\n<figure class=\"wp-block-image aligncenter size-large\"><img loading=\"lazy\" decoding=\"async\" width=\"1024\" height=\"566\" src=\"https:\/\/dev.kyyhkylanpaivakoti.fi\/wp-content\/uploads\/2024\/10\/Kyyhkylan-hakemus-1024x566.jpg\" alt=\"\" class=\"wp-image-171\" srcset=\"https:\/\/dev.kyyhkylanpaivakoti.fi\/wp-content\/uploads\/2024\/10\/Kyyhkylan-hakemus-1024x566.jpg 1024w, https:\/\/dev.kyyhkylanpaivakoti.fi\/wp-content\/uploads\/2024\/10\/Kyyhkylan-hakemus-300x166.jpg 300w, https:\/\/dev.kyyhkylanpaivakoti.fi\/wp-content\/uploads\/2024\/10\/Kyyhkylan-hakemus-768x425.jpg 768w, https:\/\/dev.kyyhkylanpaivakoti.fi\/wp-content\/uploads\/2024\/10\/Kyyhkylan-hakemus-1536x850.jpg 1536w, https:\/\/dev.kyyhkylanpaivakoti.fi\/wp-content\/uploads\/2024\/10\/Kyyhkylan-hakemus.jpg 1920w\" sizes=\"auto, (max-width: 1024px) 100vw, 1024px\" \/><\/figure>\n\n\n\n<div style=\"height:50px\" aria-hidden=\"true\" class=\"wp-block-spacer\"><\/div>\n\n\n<h2 class=\"has-text-align-center wp-block-post-title\">Hakemukset<\/h2>\n\n\n<div style=\"height:63px\" aria-hidden=\"true\" class=\"wp-block-spacer\"><\/div>\n\n\n\n<div class=\"wp-block-columns is-layout-flex wp-container-core-columns-is-layout-28f84493 wp-block-columns-is-layout-flex\">\n<div class=\"wp-block-column is-layout-flow wp-block-column-is-layout-flow\">\n<div class=\"wp-block-buttons is-layout-flex wp-block-buttons-is-layout-flex\">\n<div class=\"wp-block-button\"><a class=\"wp-block-button__link wp-element-button\" href=\"https:\/\/dev.kyyhkylanpaivakoti.fi\/wp-content\/uploads\/2024\/10\/paivahoitohakemus.pdf\" target=\"_blank\" rel=\"noreferrer noopener nofollow\">Varhaiskasvatushakemus<\/a><\/div>\n<\/div>\n\n\n\n<div class=\"wp-block-buttons is-layout-flex wp-block-buttons-is-layout-flex\">\n<div class=\"wp-block-button\"><a class=\"wp-block-button__link wp-element-button\" href=\"https:\/\/dev.kyyhkylanpaivakoti.fi\/wp-content\/uploads\/2024\/10\/Esiopetushakemus.pdf\" target=\"_blank\" rel=\"noreferrer noopener nofollow\">Hakemus esiopetukseen<\/a><\/div>\n<\/div>\n\n\n\n<div style=\"height:39px\" aria-hidden=\"true\" class=\"wp-block-spacer\"><\/div>\n\n\n\n<h3 class=\"wp-block-heading\">Palvelusetelihakemus <\/h3>\n\n\n\n<p>Kun lapselle on my\u00f6nnetty varhaiskasvatuspaikka p\u00e4iv\u00e4kodista, t\u00e4ytet\u00e4\u00e4n huoltajan kanssa p\u00e4iv\u00e4kodilla lapsikohtainen palvelusopimuslomake palvelun sis\u00e4ll\u00f6st\u00e4 ja hinnasta. P\u00e4iv\u00e4koti toimittaa allekirjoitetun lomakkeen tiedoksi kaupungin viranomaiselle palvelusetelin arvon p\u00e4\u00e4tt\u00e4mist\u00e4 varten.<br><br>Kun asiakas on varmistanut varhaiskasvatuspaikan yksityisest\u00e4 p\u00e4iv\u00e4kodista, asiakas hakee palveluseteli\u00e4 s\u00e4hk\u00f6isess\u00e4 eDaisy-asioinnissa https:\/\/mikkeli.daisynet.fi\/edaisy<\/p>\n<\/div>\n<\/div>\n\n\n\n<p><\/p>\n","protected":false},"excerpt":{"rendered":"<p>Palvelusetelihakemus Kun lapselle on my\u00f6nnetty varhaiskasvatuspaikka p\u00e4iv\u00e4kodista, t\u00e4ytet\u00e4\u00e4n huoltajan kanssa p\u00e4iv\u00e4kodilla lapsikohtainen palvelusopimuslomake palvelun sis\u00e4ll\u00f6st\u00e4 ja hinnasta. P\u00e4iv\u00e4koti toimittaa allekirjoitetun [&hellip;]<\/p>\n","protected":false},"author":1,"featured_media":0,"parent":0,"menu_order":0,"comment_status":"closed","ping_status":"closed","template":"","meta":{"site-sidebar-layout":"default","site-content-layout":"","ast-site-content-layout":"","site-content-style":"default","site-sidebar-style":"default","ast-global-header-display":"","ast-banner-title-visibility":"","ast-main-header-display":"","ast-hfb-above-header-display":"","ast-hfb-below-header-display":"","ast-hfb-mobile-header-display":"","site-post-title":"disabled","ast-breadcrumbs-content":"","ast-featured-img":"","footer-sml-layout":"","theme-transparent-header-meta":"","adv-header-id-meta":"","stick-header-meta":"","header-above-stick-meta":"","header-main-stick-meta":"","header-below-stick-meta":"","astra-migrate-meta-layouts":"default","ast-page-background-enabled":"default","ast-page-background-meta":{"desktop":{"background-color":"var(--ast-global-color-4)","background-image":"","background-repeat":"repeat","background-position":"center center","background-size":"auto","background-attachment":"scroll","background-type":"","background-media":"","overlay-type":"","overlay-color":"","overlay-opacity":"","overlay-gradient":""},"tablet":{"background-color":"","background-image":"","background-repeat":"repeat","background-position":"center center","background-size":"auto","background-attachment":"scroll","background-type":"","background-media":"","overlay-type":"","overlay-color":"","overlay-opacity":"","overlay-gradient":""},"mobile":{"background-color":"","background-image":"","background-repeat":"repeat","background-position":"center center","background-size":"auto","background-attachment":"scroll","background-type":"","background-media":"","overlay-type":"","overlay-color":"","overlay-opacity":"","overlay-gradient":""}},"ast-content-background-meta":{"desktop":{"background-color":"var(--ast-global-color-5)","background-image":"","background-repeat":"repeat","background-position":"center center","background-size":"auto","background-attachment":"scroll","background-type":"","background-media":"","overlay-type":"","overlay-color":"","overlay-opacity":"","overlay-gradient":""},"tablet":{"background-color":"var(--ast-global-color-5)","background-image":"","background-repeat":"repeat","background-position":"center center","background-size":"auto","background-attachment":"scroll","background-type":"","background-media":"","overlay-type":"","overlay-color":"","overlay-opacity":"","overlay-gradient":""},"mobile":{"background-color":"var(--ast-global-color-5)","background-image":"","background-repeat":"repeat","background-position":"center center","background-size":"auto","background-attachment":"scroll","background-type":"","background-media":"","overlay-type":"","overlay-color":"","overlay-opacity":"","overlay-gradient":""}},"footnotes":""},"class_list":["post-65","page","type-page","status-publish","hentry"],"yoast_head":"<!-- This site is optimized with the Yoast SEO plugin v27.3 - https:\/\/yoast.com\/product\/yoast-seo-wordpress\/ -->\n<title>Hakemukset - Kyyhkyl\u00e4n p\u00e4iv\u00e4koti<\/title>\n<meta name=\"robots\" content=\"index, follow, max-snippet:-1, max-image-preview:large, max-video-preview:-1\" \/>\n<link rel=\"canonical\" href=\"https:\/\/dev.kyyhkylanpaivakoti.fi\/index.php\/hakemukset\/\" \/>\n<meta property=\"og:locale\" content=\"fi_FI\" \/>\n<meta property=\"og:type\" content=\"article\" \/>\n<meta property=\"og:title\" content=\"Hakemukset - Kyyhkyl\u00e4n p\u00e4iv\u00e4koti\" \/>\n<meta property=\"og:description\" content=\"Palvelusetelihakemus Kun lapselle on my\u00f6nnetty varhaiskasvatuspaikka p\u00e4iv\u00e4kodista, t\u00e4ytet\u00e4\u00e4n huoltajan kanssa p\u00e4iv\u00e4kodilla lapsikohtainen palvelusopimuslomake palvelun sis\u00e4ll\u00f6st\u00e4 ja hinnasta. P\u00e4iv\u00e4koti toimittaa allekirjoitetun [&hellip;]\" \/>\n<meta property=\"og:url\" content=\"https:\/\/dev.kyyhkylanpaivakoti.fi\/index.php\/hakemukset\/\" \/>\n<meta property=\"og:site_name\" content=\"Kyyhkyl\u00e4n p\u00e4iv\u00e4koti\" \/>\n<meta property=\"article:modified_time\" content=\"2024-10-22T11:31:29+00:00\" \/>\n<meta property=\"og:image\" content=\"https:\/\/dev.kyyhkylanpaivakoti.fi\/wp-content\/uploads\/2024\/10\/Kyyhkylan-hakemus.jpg\" \/>\n\t<meta property=\"og:image:width\" content=\"1920\" \/>\n\t<meta property=\"og:image:height\" content=\"1062\" \/>\n\t<meta property=\"og:image:type\" content=\"image\/jpeg\" \/>\n<meta name=\"twitter:card\" content=\"summary_large_image\" \/>\n<meta name=\"twitter:label1\" content=\"Arvioitu lukuaika\" \/>\n\t<meta name=\"twitter:data1\" content=\"1 minuutti\" \/>\n<script type=\"application\/ld+json\" class=\"yoast-schema-graph\">{\"@context\":\"https:\\\/\\\/schema.org\",\"@graph\":[{\"@type\":\"WebPage\",\"@id\":\"https:\\\/\\\/dev.kyyhkylanpaivakoti.fi\\\/index.php\\\/hakemukset\\\/\",\"url\":\"https:\\\/\\\/dev.kyyhkylanpaivakoti.fi\\\/index.php\\\/hakemukset\\\/\",\"name\":\"Hakemukset - Kyyhkyl\u00e4n p\u00e4iv\u00e4koti\",\"isPartOf\":{\"@id\":\"https:\\\/\\\/dev.kyyhkylanpaivakoti.fi\\\/#website\"},\"primaryImageOfPage\":{\"@id\":\"https:\\\/\\\/dev.kyyhkylanpaivakoti.fi\\\/index.php\\\/hakemukset\\\/#primaryimage\"},\"image\":{\"@id\":\"https:\\\/\\\/dev.kyyhkylanpaivakoti.fi\\\/index.php\\\/hakemukset\\\/#primaryimage\"},\"thumbnailUrl\":\"https:\\\/\\\/dev.kyyhkylanpaivakoti.fi\\\/wp-content\\\/uploads\\\/2024\\\/10\\\/Kyyhkylan-hakemus-1024x566.jpg\",\"datePublished\":\"2024-08-23T09:26:36+00:00\",\"dateModified\":\"2024-10-22T11:31:29+00:00\",\"breadcrumb\":{\"@id\":\"https:\\\/\\\/dev.kyyhkylanpaivakoti.fi\\\/index.php\\\/hakemukset\\\/#breadcrumb\"},\"inLanguage\":\"fi\",\"potentialAction\":[{\"@type\":\"ReadAction\",\"target\":[\"https:\\\/\\\/dev.kyyhkylanpaivakoti.fi\\\/index.php\\\/hakemukset\\\/\"]}]},{\"@type\":\"ImageObject\",\"inLanguage\":\"fi\",\"@id\":\"https:\\\/\\\/dev.kyyhkylanpaivakoti.fi\\\/index.php\\\/hakemukset\\\/#primaryimage\",\"url\":\"https:\\\/\\\/dev.kyyhkylanpaivakoti.fi\\\/wp-content\\\/uploads\\\/2024\\\/10\\\/Kyyhkylan-hakemus.jpg\",\"contentUrl\":\"https:\\\/\\\/dev.kyyhkylanpaivakoti.fi\\\/wp-content\\\/uploads\\\/2024\\\/10\\\/Kyyhkylan-hakemus.jpg\",\"width\":1920,\"height\":1062},{\"@type\":\"BreadcrumbList\",\"@id\":\"https:\\\/\\\/dev.kyyhkylanpaivakoti.fi\\\/index.php\\\/hakemukset\\\/#breadcrumb\",\"itemListElement\":[{\"@type\":\"ListItem\",\"position\":1,\"name\":\"Etusivu\",\"item\":\"https:\\\/\\\/dev.kyyhkylanpaivakoti.fi\\\/\"},{\"@type\":\"ListItem\",\"position\":2,\"name\":\"Hakemukset\"}]},{\"@type\":\"WebSite\",\"@id\":\"https:\\\/\\\/dev.kyyhkylanpaivakoti.fi\\\/#website\",\"url\":\"https:\\\/\\\/dev.kyyhkylanpaivakoti.fi\\\/\",\"name\":\"Kyyhkyl\u00e4n p\u00e4iv\u00e4koti\",\"description\":\"\",\"publisher\":{\"@id\":\"https:\\\/\\\/dev.kyyhkylanpaivakoti.fi\\\/#organization\"},\"potentialAction\":[{\"@type\":\"SearchAction\",\"target\":{\"@type\":\"EntryPoint\",\"urlTemplate\":\"https:\\\/\\\/dev.kyyhkylanpaivakoti.fi\\\/?s={search_term_string}\"},\"query-input\":{\"@type\":\"PropertyValueSpecification\",\"valueRequired\":true,\"valueName\":\"search_term_string\"}}],\"inLanguage\":\"fi\"},{\"@type\":\"Organization\",\"@id\":\"https:\\\/\\\/dev.kyyhkylanpaivakoti.fi\\\/#organization\",\"name\":\"Kyyhkyl\u00e4n p\u00e4iv\u00e4koti\",\"url\":\"https:\\\/\\\/dev.kyyhkylanpaivakoti.fi\\\/\",\"logo\":{\"@type\":\"ImageObject\",\"inLanguage\":\"fi\",\"@id\":\"https:\\\/\\\/dev.kyyhkylanpaivakoti.fi\\\/#\\\/schema\\\/logo\\\/image\\\/\",\"url\":\"https:\\\/\\\/dev.kyyhkylanpaivakoti.fi\\\/wp-content\\\/uploads\\\/2024\\\/08\\\/kyyhkyla-mobiililogo2.png\",\"contentUrl\":\"https:\\\/\\\/dev.kyyhkylanpaivakoti.fi\\\/wp-content\\\/uploads\\\/2024\\\/08\\\/kyyhkyla-mobiililogo2.png\",\"width\":585,\"height\":451,\"caption\":\"Kyyhkyl\u00e4n p\u00e4iv\u00e4koti\"},\"image\":{\"@id\":\"https:\\\/\\\/dev.kyyhkylanpaivakoti.fi\\\/#\\\/schema\\\/logo\\\/image\\\/\"}}]}<\/script>\n<!-- \/ Yoast SEO plugin. -->","yoast_head_json":{"title":"Hakemukset - Kyyhkyl\u00e4n p\u00e4iv\u00e4koti","robots":{"index":"index","follow":"follow","max-snippet":"max-snippet:-1","max-image-preview":"max-image-preview:large","max-video-preview":"max-video-preview:-1"},"canonical":"https:\/\/dev.kyyhkylanpaivakoti.fi\/index.php\/hakemukset\/","og_locale":"fi_FI","og_type":"article","og_title":"Hakemukset - Kyyhkyl\u00e4n p\u00e4iv\u00e4koti","og_description":"Palvelusetelihakemus Kun lapselle on my\u00f6nnetty varhaiskasvatuspaikka p\u00e4iv\u00e4kodista, t\u00e4ytet\u00e4\u00e4n huoltajan kanssa p\u00e4iv\u00e4kodilla lapsikohtainen palvelusopimuslomake palvelun sis\u00e4ll\u00f6st\u00e4 ja hinnasta. P\u00e4iv\u00e4koti toimittaa allekirjoitetun [&hellip;]","og_url":"https:\/\/dev.kyyhkylanpaivakoti.fi\/index.php\/hakemukset\/","og_site_name":"Kyyhkyl\u00e4n p\u00e4iv\u00e4koti","article_modified_time":"2024-10-22T11:31:29+00:00","og_image":[{"width":1920,"height":1062,"url":"https:\/\/dev.kyyhkylanpaivakoti.fi\/wp-content\/uploads\/2024\/10\/Kyyhkylan-hakemus.jpg","type":"image\/jpeg"}],"twitter_card":"summary_large_image","twitter_misc":{"Arvioitu lukuaika":"1 minuutti"},"schema":{"@context":"https:\/\/schema.org","@graph":[{"@type":"WebPage","@id":"https:\/\/dev.kyyhkylanpaivakoti.fi\/index.php\/hakemukset\/","url":"https:\/\/dev.kyyhkylanpaivakoti.fi\/index.php\/hakemukset\/","name":"Hakemukset - Kyyhkyl\u00e4n p\u00e4iv\u00e4koti","isPartOf":{"@id":"https:\/\/dev.kyyhkylanpaivakoti.fi\/#website"},"primaryImageOfPage":{"@id":"https:\/\/dev.kyyhkylanpaivakoti.fi\/index.php\/hakemukset\/#primaryimage"},"image":{"@id":"https:\/\/dev.kyyhkylanpaivakoti.fi\/index.php\/hakemukset\/#primaryimage"},"thumbnailUrl":"https:\/\/dev.kyyhkylanpaivakoti.fi\/wp-content\/uploads\/2024\/10\/Kyyhkylan-hakemus-1024x566.jpg","datePublished":"2024-08-23T09:26:36+00:00","dateModified":"2024-10-22T11:31:29+00:00","breadcrumb":{"@id":"https:\/\/dev.kyyhkylanpaivakoti.fi\/index.php\/hakemukset\/#breadcrumb"},"inLanguage":"fi","potentialAction":[{"@type":"ReadAction","target":["https:\/\/dev.kyyhkylanpaivakoti.fi\/index.php\/hakemukset\/"]}]},{"@type":"ImageObject","inLanguage":"fi","@id":"https:\/\/dev.kyyhkylanpaivakoti.fi\/index.php\/hakemukset\/#primaryimage","url":"https:\/\/dev.kyyhkylanpaivakoti.fi\/wp-content\/uploads\/2024\/10\/Kyyhkylan-hakemus.jpg","contentUrl":"https:\/\/dev.kyyhkylanpaivakoti.fi\/wp-content\/uploads\/2024\/10\/Kyyhkylan-hakemus.jpg","width":1920,"height":1062},{"@type":"BreadcrumbList","@id":"https:\/\/dev.kyyhkylanpaivakoti.fi\/index.php\/hakemukset\/#breadcrumb","itemListElement":[{"@type":"ListItem","position":1,"name":"Etusivu","item":"https:\/\/dev.kyyhkylanpaivakoti.fi\/"},{"@type":"ListItem","position":2,"name":"Hakemukset"}]},{"@type":"WebSite","@id":"https:\/\/dev.kyyhkylanpaivakoti.fi\/#website","url":"https:\/\/dev.kyyhkylanpaivakoti.fi\/","name":"Kyyhkyl\u00e4n p\u00e4iv\u00e4koti","description":"","publisher":{"@id":"https:\/\/dev.kyyhkylanpaivakoti.fi\/#organization"},"potentialAction":[{"@type":"SearchAction","target":{"@type":"EntryPoint","urlTemplate":"https:\/\/dev.kyyhkylanpaivakoti.fi\/?s={search_term_string}"},"query-input":{"@type":"PropertyValueSpecification","valueRequired":true,"valueName":"search_term_string"}}],"inLanguage":"fi"},{"@type":"Organization","@id":"https:\/\/dev.kyyhkylanpaivakoti.fi\/#organization","name":"Kyyhkyl\u00e4n p\u00e4iv\u00e4koti","url":"https:\/\/dev.kyyhkylanpaivakoti.fi\/","logo":{"@type":"ImageObject","inLanguage":"fi","@id":"https:\/\/dev.kyyhkylanpaivakoti.fi\/#\/schema\/logo\/image\/","url":"https:\/\/dev.kyyhkylanpaivakoti.fi\/wp-content\/uploads\/2024\/08\/kyyhkyla-mobiililogo2.png","contentUrl":"https:\/\/dev.kyyhkylanpaivakoti.fi\/wp-content\/uploads\/2024\/08\/kyyhkyla-mobiililogo2.png","width":585,"height":451,"caption":"Kyyhkyl\u00e4n p\u00e4iv\u00e4koti"},"image":{"@id":"https:\/\/dev.kyyhkylanpaivakoti.fi\/#\/schema\/logo\/image\/"}}]}},"_links":{"self":[{"href":"https:\/\/dev.kyyhkylanpaivakoti.fi\/index.php\/wp-json\/wp\/v2\/pages\/65","targetHints":{"allow":["GET"]}}],"collection":[{"href":"https:\/\/dev.kyyhkylanpaivakoti.fi\/index.php\/wp-json\/wp\/v2\/pages"}],"about":[{"href":"https:\/\/dev.kyyhkylanpaivakoti.fi\/index.php\/wp-json\/wp\/v2\/types\/page"}],"author":[{"embeddable":true,"href":"https:\/\/dev.kyyhkylanpaivakoti.fi\/index.php\/wp-json\/wp\/v2\/users\/1"}],"replies":[{"embeddable":true,"href":"https:\/\/dev.kyyhkylanpaivakoti.fi\/index.php\/wp-json\/wp\/v2\/comments?post=65"}],"version-history":[{"count":3,"href":"https:\/\/dev.kyyhkylanpaivakoti.fi\/index.php\/wp-json\/wp\/v2\/pages\/65\/revisions"}],"predecessor-version":[{"id":172,"href":"https:\/\/dev.kyyhkylanpaivakoti.fi\/index.php\/wp-json\/wp\/v2\/pages\/65\/revisions\/172"}],"wp:attachment":[{"href":"https:\/\/dev.kyyhkylanpaivakoti.fi\/index.php\/wp-json\/wp\/v2\/media?parent=65"}],"curies":[{"name":"wp","href":"https:\/\/api.w.org\/{rel}","templated":true}]}}