{"id":59,"date":"2024-08-23T12:15:10","date_gmt":"2024-08-23T09:15:10","guid":{"rendered":"https:\/\/www.hl-mark.fi\/kotisivulaboratorio\/kyyhkpaivak\/?page_id=59"},"modified":"2024-10-22T11:08:15","modified_gmt":"2024-10-22T11:08:15","slug":"kannattajajasenyys","status":"publish","type":"page","link":"https:\/\/dev.kyyhkylanpaivakoti.fi\/index.php\/kannattajajasenyys\/","title":{"rendered":"Kannattajaj\u00e4senyys"},"content":{"rendered":"<div class=\"n2_clear\"><ss3-force-full-width data-overflow-x=\"body\" data-horizontal-selector=\"body\"><div class=\"n2-section-smartslider fitvidsignore  n2_clear\" data-ssid=\"2\"><div id=\"n2-ss-2-align\" class=\"n2-ss-align\"><div class=\"n2-padding\"><div id=\"n2-ss-2\" data-creator=\"Smart Slider 3\" data-responsive=\"fullwidth\" class=\"n2-ss-slider n2-ow n2-has-hover n2notransition  \"><div class=\"n2-ss-slider-wrapper-inside\">\n        <div class=\"n2-ss-slider-1 n2_ss__touch_element n2-ow\">\n            <div class=\"n2-ss-slider-2 n2-ow\">\n                                                    <div class=\"n2-ss-background-animation n2-ow\"><\/div>\n                                <div class=\"n2-ss-slider-3 n2-ow\">\n\n                    <div class=\"n2-ss-slide-backgrounds n2-ow-all\"><div class=\"n2-ss-slide-background\" data-public-id=\"1\" data-mode=\"fill\"><div class=\"n2-ss-slide-background-image\" data-blur=\"0\" data-opacity=\"100\" data-x=\"35\" data-y=\"58\" data-alt=\"\" data-title=\"\" style=\"--ss-o-pos-x:35%;--ss-o-pos-y:58%\"><picture class=\"skip-lazy jetpack-lazy-image\" data-skip-lazy=\"1\"><img decoding=\"async\" src=\"\/\/dev.kyyhkylanpaivakoti.fi\/wp-content\/uploads\/slider2\/kyyhkylan_paivakoti2.jpg\" alt=\"\" title=\"\" loading=\"lazy\" class=\"skip-lazy jetpack-lazy-image\" data-skip-lazy=\"1\"><\/picture><\/div><div data-color=\"RGBA(255,255,255,0)\" style=\"background-color: RGBA(255,255,255,0);\" class=\"n2-ss-slide-background-color\"><\/div><\/div><div class=\"n2-ss-slide-background\" data-public-id=\"2\" data-mode=\"fill\" aria-hidden=\"true\"><div class=\"n2-ss-slide-background-image\" data-blur=\"0\" data-opacity=\"100\" data-x=\"36\" data-y=\"70\" data-alt=\"\" data-title=\"\" style=\"--ss-o-pos-x:36%;--ss-o-pos-y:70%\"><picture class=\"skip-lazy jetpack-lazy-image\" data-skip-lazy=\"1\"><img decoding=\"async\" src=\"\/\/dev.kyyhkylanpaivakoti.fi\/wp-content\/uploads\/slider2\/kyyhkylan_paivakoti3.jpg\" alt=\"\" title=\"\" loading=\"lazy\" class=\"skip-lazy jetpack-lazy-image\" data-skip-lazy=\"1\"><\/picture><\/div><div data-color=\"RGBA(255,255,255,0)\" style=\"background-color: RGBA(255,255,255,0);\" class=\"n2-ss-slide-background-color\"><\/div><\/div><div class=\"n2-ss-slide-background\" data-public-id=\"3\" data-mode=\"fill\" aria-hidden=\"true\"><div class=\"n2-ss-slide-background-image\" data-blur=\"0\" data-opacity=\"100\" data-x=\"48\" data-y=\"59\" data-alt=\"\" data-title=\"\" style=\"--ss-o-pos-x:48%;--ss-o-pos-y:59%\"><picture class=\"skip-lazy jetpack-lazy-image\" data-skip-lazy=\"1\"><img decoding=\"async\" src=\"\/\/dev.kyyhkylanpaivakoti.fi\/wp-content\/uploads\/slider2\/kyyhkylan-paivakoti1.jpg\" alt=\"\" title=\"\" loading=\"lazy\" class=\"skip-lazy jetpack-lazy-image\" data-skip-lazy=\"1\"><\/picture><\/div><div data-color=\"RGBA(255,255,255,0)\" style=\"background-color: RGBA(255,255,255,0);\" class=\"n2-ss-slide-background-color\"><\/div><\/div><\/div>                    <div class=\"n2-ss-slider-4 n2-ow\">\n                        <svg xmlns=\"http:\/\/www.w3.org\/2000\/svg\" viewBox=\"0 0 1920 600\" data-related-device=\"desktopPortrait\" class=\"n2-ow n2-ss-preserve-size n2-ss-preserve-size--slider n2-ss-slide-limiter\"><\/svg><div data-first=\"1\" data-slide-duration=\"0\" data-id=\"3\" data-slide-public-id=\"1\" data-title=\"kyyhkylan_paivakoti2\" class=\"n2-ss-slide n2-ow  n2-ss-slide-3\"><div role=\"note\" class=\"n2-ss-slide--focus\" tabindex=\"-1\">kyyhkylan_paivakoti2<\/div><div class=\"n2-ss-layers-container n2-ss-slide-limiter n2-ow\"><div class=\"n2-ss-layer n2-ow n-uc-pds7SbJR9gw7\" data-sstype=\"slide\" data-pm=\"default\"><\/div><\/div><\/div><div data-slide-duration=\"0\" data-id=\"4\" data-slide-public-id=\"2\" aria-hidden=\"true\" data-title=\"kyyhkylan_paivakoti3\" class=\"n2-ss-slide n2-ow  n2-ss-slide-4\"><div role=\"note\" class=\"n2-ss-slide--focus\" tabindex=\"-1\">kyyhkylan_paivakoti3<\/div><div class=\"n2-ss-layers-container n2-ss-slide-limiter n2-ow\"><div class=\"n2-ss-layer n2-ow n-uc-6fiwTQjXq8LY\" data-sstype=\"slide\" data-pm=\"default\"><\/div><\/div><\/div><div data-slide-duration=\"0\" data-id=\"5\" data-slide-public-id=\"3\" aria-hidden=\"true\" data-title=\"kyyhkylan-paivakoti1\" class=\"n2-ss-slide n2-ow  n2-ss-slide-5\"><div role=\"note\" class=\"n2-ss-slide--focus\" tabindex=\"-1\">kyyhkylan-paivakoti1<\/div><div class=\"n2-ss-layers-container n2-ss-slide-limiter n2-ow\"><div class=\"n2-ss-layer n2-ow n-uc-5jSX8qgXBqq1\" data-sstype=\"slide\" data-pm=\"default\"><\/div><\/div><\/div>                    <\/div>\n\n                                    <\/div>\n            <\/div>\n        <\/div>\n        <div class=\"n2-ss-slider-controls n2-ss-slider-controls-absolute-left-center\"><div style=\"--widget-offset:15px;\" class=\"n2-ss-widget nextend-arrow n2-ow-all nextend-arrow-previous  nextend-arrow-animated-fade\" data-hide-mobileportrait=\"1\" id=\"n2-ss-2-arrow-previous\" role=\"button\" aria-label=\"previous arrow\" tabindex=\"0\"><img loading=\"lazy\" decoding=\"async\" width=\"32\" height=\"32\" class=\"skip-lazy jetpack-lazy-image\" data-skip-lazy=\"1\" src=\"data:image\/svg+xml;base64,PHN2ZyB3aWR0aD0iMzIiIGhlaWdodD0iMzIiIHZpZXdCb3g9IjAgMCAzMiAzMiIgeG1sbnM9Imh0dHA6Ly93d3cudzMub3JnLzIwMDAvc3ZnIj4KICAgIDxwYXRoIGQ9Ik0xMS40MzMgMTUuOTkyTDIyLjY5IDUuNzEyYy4zOTMtLjM5LjM5My0xLjAzIDAtMS40Mi0uMzkzLS4zOS0xLjAzLS4zOS0xLjQyMyAwbC0xMS45OCAxMC45NGMtLjIxLjIxLS4zLjQ5LS4yODUuNzYtLjAxNS4yOC4wNzUuNTYuMjg0Ljc3bDExLjk4IDEwLjk0Yy4zOTMuMzkgMS4wMy4zOSAxLjQyNCAwIC4zOTMtLjQuMzkzLTEuMDMgMC0xLjQybC0xMS4yNTctMTAuMjkiCiAgICAgICAgICBmaWxsPSIjZmZmZmZmIiBvcGFjaXR5PSIwLjgiIGZpbGwtcnVsZT0iZXZlbm9kZCIvPgo8L3N2Zz4=\" alt=\"previous arrow\"><\/div><\/div><div class=\"n2-ss-slider-controls n2-ss-slider-controls-absolute-right-center\"><div style=\"--widget-offset:15px;\" class=\"n2-ss-widget nextend-arrow n2-ow-all nextend-arrow-next  nextend-arrow-animated-fade\" data-hide-mobileportrait=\"1\" id=\"n2-ss-2-arrow-next\" role=\"button\" aria-label=\"next arrow\" tabindex=\"0\"><img loading=\"lazy\" decoding=\"async\" width=\"32\" height=\"32\" class=\"skip-lazy jetpack-lazy-image\" data-skip-lazy=\"1\" src=\"data:image\/svg+xml;base64,PHN2ZyB3aWR0aD0iMzIiIGhlaWdodD0iMzIiIHZpZXdCb3g9IjAgMCAzMiAzMiIgeG1sbnM9Imh0dHA6Ly93d3cudzMub3JnLzIwMDAvc3ZnIj4KICAgIDxwYXRoIGQ9Ik0xMC43MjIgNC4yOTNjLS4zOTQtLjM5LTEuMDMyLS4zOS0xLjQyNyAwLS4zOTMuMzktLjM5MyAxLjAzIDAgMS40MmwxMS4yODMgMTAuMjgtMTEuMjgzIDEwLjI5Yy0uMzkzLjM5LS4zOTMgMS4wMiAwIDEuNDIuMzk1LjM5IDEuMDMzLjM5IDEuNDI3IDBsMTIuMDA3LTEwLjk0Yy4yMS0uMjEuMy0uNDkuMjg0LS43Ny4wMTQtLjI3LS4wNzYtLjU1LS4yODYtLjc2TDEwLjcyIDQuMjkzeiIKICAgICAgICAgIGZpbGw9IiNmZmZmZmYiIG9wYWNpdHk9IjAuOCIgZmlsbC1ydWxlPSJldmVub2RkIi8+Cjwvc3ZnPg==\" alt=\"next arrow\"><\/div><\/div><\/div><\/div><ss3-loader><\/ss3-loader><\/div><\/div><div class=\"n2_clear\"><\/div><\/div><\/ss3-force-full-width><\/div>\n\n\n<div style=\"height:50px\" aria-hidden=\"true\" class=\"wp-block-spacer\"><\/div>\n\n\n<h2 class=\"has-text-align-center wp-block-post-title\">Kannattajaj\u00e4senyys<\/h2>\n\n\n<div style=\"height:63px\" aria-hidden=\"true\" class=\"wp-block-spacer\"><\/div>\n\n\n\n<div class=\"wp-block-columns is-layout-flex wp-container-core-columns-is-layout-28f84493 wp-block-columns-is-layout-flex\">\n<div class=\"wp-block-column is-layout-flow wp-block-column-is-layout-flow\">\n<p>Tervetuloa liittym\u00e4\u00e4n p\u00e4iv\u00e4kotiyhdistyksen kannattajaj\u00e4seneksi! <\/p>\n\n\n\n<p>Kannattajaj\u00e4senin\u00e4mme on vanhempia, isovanhempia, lasten ja perheiden tuttavia sek\u00e4 p\u00e4iv\u00e4kodin ty\u00f6ntekij\u00f6it\u00e4. Otamme ilolla uusia j\u00e4seni\u00e4 mukaan! J\u00e4senyys ei sido toimintaan. J\u00e4senmaksu on 10 \u20ac\/vuosi.&nbsp;<\/p>\n\n\n\n<p>Varoilla saamme j\u00e4rjestetty\u00e4 koko p\u00e4iv\u00e4kodin porukalle innostavaa ohjelmaa sek\u00e4 p\u00e4ivitetty\u00e4 esimerkiksi leikkiv\u00e4lineit\u00e4, pelej\u00e4 ja kirjoja! Ilmoittautua voi meille p\u00e4iv\u00e4kodin aikuisille tai laittamalla s\u00e4hk\u00f6postia. <\/p>\n\n\n\n<p>Iso kiitos jo kaikille nykyisille j\u00e4senille!&nbsp;<\/p>\n<\/div>\n<\/div>\n","protected":false},"excerpt":{"rendered":"<p>Tervetuloa liittym\u00e4\u00e4n p\u00e4iv\u00e4kotiyhdistyksen kannattajaj\u00e4seneksi! Kannattajaj\u00e4senin\u00e4mme on vanhempia, isovanhempia, lasten ja perheiden tuttavia sek\u00e4 p\u00e4iv\u00e4kodin ty\u00f6ntekij\u00f6it\u00e4. Otamme ilolla uusia j\u00e4seni\u00e4 mukaan! [&hellip;]<\/p>\n","protected":false},"author":1,"featured_media":0,"parent":0,"menu_order":0,"comment_status":"closed","ping_status":"closed","template":"","meta":{"site-sidebar-layout":"default","site-content-layout":"","ast-site-content-layout":"","site-content-style":"default","site-sidebar-style":"default","ast-global-header-display":"","ast-banner-title-visibility":"","ast-main-header-display":"","ast-hfb-above-header-display":"","ast-hfb-below-header-display":"","ast-hfb-mobile-header-display":"","site-post-title":"disabled","ast-breadcrumbs-content":"","ast-featured-img":"","footer-sml-layout":"","theme-transparent-header-meta":"","adv-header-id-meta":"","stick-header-meta":"","header-above-stick-meta":"","header-main-stick-meta":"","header-below-stick-meta":"","astra-migrate-meta-layouts":"default","ast-page-background-enabled":"default","ast-page-background-meta":{"desktop":{"background-color":"var(--ast-global-color-4)","background-image":"","background-repeat":"repeat","background-position":"center center","background-size":"auto","background-attachment":"scroll","background-type":"","background-media":"","overlay-type":"","overlay-color":"","overlay-opacity":"","overlay-gradient":""},"tablet":{"background-color":"","background-image":"","background-repeat":"repeat","background-position":"center center","background-size":"auto","background-attachment":"scroll","background-type":"","background-media":"","overlay-type":"","overlay-color":"","overlay-opacity":"","overlay-gradient":""},"mobile":{"background-color":"","background-image":"","background-repeat":"repeat","background-position":"center center","background-size":"auto","background-attachment":"scroll","background-type":"","background-media":"","overlay-type":"","overlay-color":"","overlay-opacity":"","overlay-gradient":""}},"ast-content-background-meta":{"desktop":{"background-color":"var(--ast-global-color-5)","background-image":"","background-repeat":"repeat","background-position":"center center","background-size":"auto","background-attachment":"scroll","background-type":"","background-media":"","overlay-type":"","overlay-color":"","overlay-opacity":"","overlay-gradient":""},"tablet":{"background-color":"var(--ast-global-color-5)","background-image":"","background-repeat":"repeat","background-position":"center center","background-size":"auto","background-attachment":"scroll","background-type":"","background-media":"","overlay-type":"","overlay-color":"","overlay-opacity":"","overlay-gradient":""},"mobile":{"background-color":"var(--ast-global-color-5)","background-image":"","background-repeat":"repeat","background-position":"center center","background-size":"auto","background-attachment":"scroll","background-type":"","background-media":"","overlay-type":"","overlay-color":"","overlay-opacity":"","overlay-gradient":""}},"footnotes":""},"class_list":["post-59","page","type-page","status-publish","hentry"],"yoast_head":"<!-- This site is optimized with the Yoast SEO plugin v27.3 - https:\/\/yoast.com\/product\/yoast-seo-wordpress\/ -->\n<title>Kannattajaj\u00e4senyys - Kyyhkyl\u00e4n p\u00e4iv\u00e4koti<\/title>\n<meta name=\"robots\" content=\"index, follow, max-snippet:-1, max-image-preview:large, max-video-preview:-1\" \/>\n<link rel=\"canonical\" href=\"https:\/\/dev.kyyhkylanpaivakoti.fi\/index.php\/kannattajajasenyys\/\" \/>\n<meta property=\"og:locale\" content=\"fi_FI\" \/>\n<meta property=\"og:type\" content=\"article\" \/>\n<meta property=\"og:title\" content=\"Kannattajaj\u00e4senyys - Kyyhkyl\u00e4n p\u00e4iv\u00e4koti\" \/>\n<meta property=\"og:description\" content=\"Tervetuloa liittym\u00e4\u00e4n p\u00e4iv\u00e4kotiyhdistyksen kannattajaj\u00e4seneksi! Kannattajaj\u00e4senin\u00e4mme on vanhempia, isovanhempia, lasten ja perheiden tuttavia sek\u00e4 p\u00e4iv\u00e4kodin ty\u00f6ntekij\u00f6it\u00e4. Otamme ilolla uusia j\u00e4seni\u00e4 mukaan! [&hellip;]\" \/>\n<meta property=\"og:url\" content=\"https:\/\/dev.kyyhkylanpaivakoti.fi\/index.php\/kannattajajasenyys\/\" \/>\n<meta property=\"og:site_name\" content=\"Kyyhkyl\u00e4n p\u00e4iv\u00e4koti\" \/>\n<meta property=\"article:modified_time\" content=\"2024-10-22T11:08:15+00:00\" \/>\n<meta name=\"twitter:card\" content=\"summary_large_image\" \/>\n<meta name=\"twitter:label1\" content=\"Arvioitu lukuaika\" \/>\n\t<meta name=\"twitter:data1\" content=\"1 minuutti\" \/>\n<script type=\"application\/ld+json\" class=\"yoast-schema-graph\">{\"@context\":\"https:\\\/\\\/schema.org\",\"@graph\":[{\"@type\":\"WebPage\",\"@id\":\"https:\\\/\\\/dev.kyyhkylanpaivakoti.fi\\\/index.php\\\/kannattajajasenyys\\\/\",\"url\":\"https:\\\/\\\/dev.kyyhkylanpaivakoti.fi\\\/index.php\\\/kannattajajasenyys\\\/\",\"name\":\"Kannattajaj\u00e4senyys - Kyyhkyl\u00e4n p\u00e4iv\u00e4koti\",\"isPartOf\":{\"@id\":\"https:\\\/\\\/dev.kyyhkylanpaivakoti.fi\\\/#website\"},\"datePublished\":\"2024-08-23T09:15:10+00:00\",\"dateModified\":\"2024-10-22T11:08:15+00:00\",\"breadcrumb\":{\"@id\":\"https:\\\/\\\/dev.kyyhkylanpaivakoti.fi\\\/index.php\\\/kannattajajasenyys\\\/#breadcrumb\"},\"inLanguage\":\"fi\",\"potentialAction\":[{\"@type\":\"ReadAction\",\"target\":[\"https:\\\/\\\/dev.kyyhkylanpaivakoti.fi\\\/index.php\\\/kannattajajasenyys\\\/\"]}]},{\"@type\":\"BreadcrumbList\",\"@id\":\"https:\\\/\\\/dev.kyyhkylanpaivakoti.fi\\\/index.php\\\/kannattajajasenyys\\\/#breadcrumb\",\"itemListElement\":[{\"@type\":\"ListItem\",\"position\":1,\"name\":\"Etusivu\",\"item\":\"https:\\\/\\\/dev.kyyhkylanpaivakoti.fi\\\/\"},{\"@type\":\"ListItem\",\"position\":2,\"name\":\"Kannattajaj\u00e4senyys\"}]},{\"@type\":\"WebSite\",\"@id\":\"https:\\\/\\\/dev.kyyhkylanpaivakoti.fi\\\/#website\",\"url\":\"https:\\\/\\\/dev.kyyhkylanpaivakoti.fi\\\/\",\"name\":\"Kyyhkyl\u00e4n p\u00e4iv\u00e4koti\",\"description\":\"\",\"publisher\":{\"@id\":\"https:\\\/\\\/dev.kyyhkylanpaivakoti.fi\\\/#organization\"},\"potentialAction\":[{\"@type\":\"SearchAction\",\"target\":{\"@type\":\"EntryPoint\",\"urlTemplate\":\"https:\\\/\\\/dev.kyyhkylanpaivakoti.fi\\\/?s={search_term_string}\"},\"query-input\":{\"@type\":\"PropertyValueSpecification\",\"valueRequired\":true,\"valueName\":\"search_term_string\"}}],\"inLanguage\":\"fi\"},{\"@type\":\"Organization\",\"@id\":\"https:\\\/\\\/dev.kyyhkylanpaivakoti.fi\\\/#organization\",\"name\":\"Kyyhkyl\u00e4n p\u00e4iv\u00e4koti\",\"url\":\"https:\\\/\\\/dev.kyyhkylanpaivakoti.fi\\\/\",\"logo\":{\"@type\":\"ImageObject\",\"inLanguage\":\"fi\",\"@id\":\"https:\\\/\\\/dev.kyyhkylanpaivakoti.fi\\\/#\\\/schema\\\/logo\\\/image\\\/\",\"url\":\"https:\\\/\\\/dev.kyyhkylanpaivakoti.fi\\\/wp-content\\\/uploads\\\/2024\\\/08\\\/kyyhkyla-mobiililogo2.png\",\"contentUrl\":\"https:\\\/\\\/dev.kyyhkylanpaivakoti.fi\\\/wp-content\\\/uploads\\\/2024\\\/08\\\/kyyhkyla-mobiililogo2.png\",\"width\":585,\"height\":451,\"caption\":\"Kyyhkyl\u00e4n p\u00e4iv\u00e4koti\"},\"image\":{\"@id\":\"https:\\\/\\\/dev.kyyhkylanpaivakoti.fi\\\/#\\\/schema\\\/logo\\\/image\\\/\"}}]}<\/script>\n<!-- \/ Yoast SEO plugin. -->","yoast_head_json":{"title":"Kannattajaj\u00e4senyys - Kyyhkyl\u00e4n p\u00e4iv\u00e4koti","robots":{"index":"index","follow":"follow","max-snippet":"max-snippet:-1","max-image-preview":"max-image-preview:large","max-video-preview":"max-video-preview:-1"},"canonical":"https:\/\/dev.kyyhkylanpaivakoti.fi\/index.php\/kannattajajasenyys\/","og_locale":"fi_FI","og_type":"article","og_title":"Kannattajaj\u00e4senyys - Kyyhkyl\u00e4n p\u00e4iv\u00e4koti","og_description":"Tervetuloa liittym\u00e4\u00e4n p\u00e4iv\u00e4kotiyhdistyksen kannattajaj\u00e4seneksi! Kannattajaj\u00e4senin\u00e4mme on vanhempia, isovanhempia, lasten ja perheiden tuttavia sek\u00e4 p\u00e4iv\u00e4kodin ty\u00f6ntekij\u00f6it\u00e4. Otamme ilolla uusia j\u00e4seni\u00e4 mukaan! [&hellip;]","og_url":"https:\/\/dev.kyyhkylanpaivakoti.fi\/index.php\/kannattajajasenyys\/","og_site_name":"Kyyhkyl\u00e4n p\u00e4iv\u00e4koti","article_modified_time":"2024-10-22T11:08:15+00:00","twitter_card":"summary_large_image","twitter_misc":{"Arvioitu lukuaika":"1 minuutti"},"schema":{"@context":"https:\/\/schema.org","@graph":[{"@type":"WebPage","@id":"https:\/\/dev.kyyhkylanpaivakoti.fi\/index.php\/kannattajajasenyys\/","url":"https:\/\/dev.kyyhkylanpaivakoti.fi\/index.php\/kannattajajasenyys\/","name":"Kannattajaj\u00e4senyys - Kyyhkyl\u00e4n p\u00e4iv\u00e4koti","isPartOf":{"@id":"https:\/\/dev.kyyhkylanpaivakoti.fi\/#website"},"datePublished":"2024-08-23T09:15:10+00:00","dateModified":"2024-10-22T11:08:15+00:00","breadcrumb":{"@id":"https:\/\/dev.kyyhkylanpaivakoti.fi\/index.php\/kannattajajasenyys\/#breadcrumb"},"inLanguage":"fi","potentialAction":[{"@type":"ReadAction","target":["https:\/\/dev.kyyhkylanpaivakoti.fi\/index.php\/kannattajajasenyys\/"]}]},{"@type":"BreadcrumbList","@id":"https:\/\/dev.kyyhkylanpaivakoti.fi\/index.php\/kannattajajasenyys\/#breadcrumb","itemListElement":[{"@type":"ListItem","position":1,"name":"Etusivu","item":"https:\/\/dev.kyyhkylanpaivakoti.fi\/"},{"@type":"ListItem","position":2,"name":"Kannattajaj\u00e4senyys"}]},{"@type":"WebSite","@id":"https:\/\/dev.kyyhkylanpaivakoti.fi\/#website","url":"https:\/\/dev.kyyhkylanpaivakoti.fi\/","name":"Kyyhkyl\u00e4n p\u00e4iv\u00e4koti","description":"","publisher":{"@id":"https:\/\/dev.kyyhkylanpaivakoti.fi\/#organization"},"potentialAction":[{"@type":"SearchAction","target":{"@type":"EntryPoint","urlTemplate":"https:\/\/dev.kyyhkylanpaivakoti.fi\/?s={search_term_string}"},"query-input":{"@type":"PropertyValueSpecification","valueRequired":true,"valueName":"search_term_string"}}],"inLanguage":"fi"},{"@type":"Organization","@id":"https:\/\/dev.kyyhkylanpaivakoti.fi\/#organization","name":"Kyyhkyl\u00e4n p\u00e4iv\u00e4koti","url":"https:\/\/dev.kyyhkylanpaivakoti.fi\/","logo":{"@type":"ImageObject","inLanguage":"fi","@id":"https:\/\/dev.kyyhkylanpaivakoti.fi\/#\/schema\/logo\/image\/","url":"https:\/\/dev.kyyhkylanpaivakoti.fi\/wp-content\/uploads\/2024\/08\/kyyhkyla-mobiililogo2.png","contentUrl":"https:\/\/dev.kyyhkylanpaivakoti.fi\/wp-content\/uploads\/2024\/08\/kyyhkyla-mobiililogo2.png","width":585,"height":451,"caption":"Kyyhkyl\u00e4n p\u00e4iv\u00e4koti"},"image":{"@id":"https:\/\/dev.kyyhkylanpaivakoti.fi\/#\/schema\/logo\/image\/"}}]}},"_links":{"self":[{"href":"https:\/\/dev.kyyhkylanpaivakoti.fi\/index.php\/wp-json\/wp\/v2\/pages\/59","targetHints":{"allow":["GET"]}}],"collection":[{"href":"https:\/\/dev.kyyhkylanpaivakoti.fi\/index.php\/wp-json\/wp\/v2\/pages"}],"about":[{"href":"https:\/\/dev.kyyhkylanpaivakoti.fi\/index.php\/wp-json\/wp\/v2\/types\/page"}],"author":[{"embeddable":true,"href":"https:\/\/dev.kyyhkylanpaivakoti.fi\/index.php\/wp-json\/wp\/v2\/users\/1"}],"replies":[{"embeddable":true,"href":"https:\/\/dev.kyyhkylanpaivakoti.fi\/index.php\/wp-json\/wp\/v2\/comments?post=59"}],"version-history":[{"count":1,"href":"https:\/\/dev.kyyhkylanpaivakoti.fi\/index.php\/wp-json\/wp\/v2\/pages\/59\/revisions"}],"predecessor-version":[{"id":163,"href":"https:\/\/dev.kyyhkylanpaivakoti.fi\/index.php\/wp-json\/wp\/v2\/pages\/59\/revisions\/163"}],"wp:attachment":[{"href":"https:\/\/dev.kyyhkylanpaivakoti.fi\/index.php\/wp-json\/wp\/v2\/media?parent=59"}],"curies":[{"name":"wp","href":"https:\/\/api.w.org\/{rel}","templated":true}]}}