{"id":105,"date":"2024-08-23T09:29:20","date_gmt":"2024-08-23T06:29:20","guid":{"rendered":"https:\/\/www.hl-mark.fi\/kotisivulaboratorio\/kyyhkpaivak\/?page_id=7"},"modified":"2024-10-23T10:48:19","modified_gmt":"2024-10-23T10:48:19","slug":"tervetuloa-kyyhkylan-paivakotiin","status":"publish","type":"page","link":"https:\/\/dev.kyyhkylanpaivakoti.fi\/","title":{"rendered":"Tervetuloa Kyyhkyl\u00e4n p\u00e4iv\u00e4kotiin"},"content":{"rendered":"<div class=\"n2_clear\"><ss3-force-full-width data-overflow-x=\"body\" data-horizontal-selector=\"body\"><div class=\"n2-section-smartslider fitvidsignore  n2_clear\" data-ssid=\"2\"><div id=\"n2-ss-2-align\" class=\"n2-ss-align\"><div class=\"n2-padding\"><div id=\"n2-ss-2\" data-creator=\"Smart Slider 3\" data-responsive=\"fullwidth\" class=\"n2-ss-slider n2-ow n2-has-hover n2notransition  \"><div class=\"n2-ss-slider-wrapper-inside\">\n        <div class=\"n2-ss-slider-1 n2_ss__touch_element n2-ow\">\n            <div class=\"n2-ss-slider-2 n2-ow\">\n                                                    <div class=\"n2-ss-background-animation n2-ow\"><\/div>\n                                <div class=\"n2-ss-slider-3 n2-ow\">\n\n                    <div class=\"n2-ss-slide-backgrounds n2-ow-all\"><div class=\"n2-ss-slide-background\" data-public-id=\"1\" data-mode=\"fill\"><div class=\"n2-ss-slide-background-image\" data-blur=\"0\" data-opacity=\"100\" data-x=\"35\" data-y=\"58\" data-alt=\"\" data-title=\"\" style=\"--ss-o-pos-x:35%;--ss-o-pos-y:58%\"><picture class=\"skip-lazy jetpack-lazy-image\" data-skip-lazy=\"1\"><img decoding=\"async\" src=\"\/\/dev.kyyhkylanpaivakoti.fi\/wp-content\/uploads\/slider2\/kyyhkylan_paivakoti2.jpg\" alt=\"\" title=\"\" loading=\"lazy\" class=\"skip-lazy jetpack-lazy-image\" data-skip-lazy=\"1\"><\/picture><\/div><div data-color=\"RGBA(255,255,255,0)\" style=\"background-color: RGBA(255,255,255,0);\" class=\"n2-ss-slide-background-color\"><\/div><\/div><div class=\"n2-ss-slide-background\" data-public-id=\"2\" data-mode=\"fill\" aria-hidden=\"true\"><div class=\"n2-ss-slide-background-image\" data-blur=\"0\" data-opacity=\"100\" data-x=\"36\" data-y=\"70\" data-alt=\"\" data-title=\"\" style=\"--ss-o-pos-x:36%;--ss-o-pos-y:70%\"><picture class=\"skip-lazy jetpack-lazy-image\" data-skip-lazy=\"1\"><img decoding=\"async\" src=\"\/\/dev.kyyhkylanpaivakoti.fi\/wp-content\/uploads\/slider2\/kyyhkylan_paivakoti3.jpg\" alt=\"\" title=\"\" loading=\"lazy\" class=\"skip-lazy jetpack-lazy-image\" data-skip-lazy=\"1\"><\/picture><\/div><div data-color=\"RGBA(255,255,255,0)\" style=\"background-color: RGBA(255,255,255,0);\" class=\"n2-ss-slide-background-color\"><\/div><\/div><div class=\"n2-ss-slide-background\" data-public-id=\"3\" data-mode=\"fill\" aria-hidden=\"true\"><div class=\"n2-ss-slide-background-image\" data-blur=\"0\" data-opacity=\"100\" data-x=\"48\" data-y=\"59\" data-alt=\"\" data-title=\"\" style=\"--ss-o-pos-x:48%;--ss-o-pos-y:59%\"><picture class=\"skip-lazy jetpack-lazy-image\" data-skip-lazy=\"1\"><img decoding=\"async\" src=\"\/\/dev.kyyhkylanpaivakoti.fi\/wp-content\/uploads\/slider2\/kyyhkylan-paivakoti1.jpg\" alt=\"\" title=\"\" loading=\"lazy\" class=\"skip-lazy jetpack-lazy-image\" data-skip-lazy=\"1\"><\/picture><\/div><div data-color=\"RGBA(255,255,255,0)\" style=\"background-color: RGBA(255,255,255,0);\" class=\"n2-ss-slide-background-color\"><\/div><\/div><\/div>                    <div class=\"n2-ss-slider-4 n2-ow\">\n                        <svg xmlns=\"http:\/\/www.w3.org\/2000\/svg\" viewBox=\"0 0 1920 600\" data-related-device=\"desktopPortrait\" class=\"n2-ow n2-ss-preserve-size n2-ss-preserve-size--slider n2-ss-slide-limiter\"><\/svg><div data-first=\"1\" data-slide-duration=\"0\" data-id=\"3\" data-slide-public-id=\"1\" data-title=\"kyyhkylan_paivakoti2\" class=\"n2-ss-slide n2-ow  n2-ss-slide-3\"><div role=\"note\" class=\"n2-ss-slide--focus\" tabindex=\"-1\">kyyhkylan_paivakoti2<\/div><div class=\"n2-ss-layers-container n2-ss-slide-limiter n2-ow\"><div class=\"n2-ss-layer n2-ow n-uc-pds7SbJR9gw7\" data-sstype=\"slide\" data-pm=\"default\"><\/div><\/div><\/div><div data-slide-duration=\"0\" data-id=\"4\" data-slide-public-id=\"2\" aria-hidden=\"true\" data-title=\"kyyhkylan_paivakoti3\" class=\"n2-ss-slide n2-ow  n2-ss-slide-4\"><div role=\"note\" class=\"n2-ss-slide--focus\" tabindex=\"-1\">kyyhkylan_paivakoti3<\/div><div class=\"n2-ss-layers-container n2-ss-slide-limiter n2-ow\"><div class=\"n2-ss-layer n2-ow n-uc-6fiwTQjXq8LY\" data-sstype=\"slide\" data-pm=\"default\"><\/div><\/div><\/div><div data-slide-duration=\"0\" data-id=\"5\" data-slide-public-id=\"3\" aria-hidden=\"true\" data-title=\"kyyhkylan-paivakoti1\" class=\"n2-ss-slide n2-ow  n2-ss-slide-5\"><div role=\"note\" class=\"n2-ss-slide--focus\" tabindex=\"-1\">kyyhkylan-paivakoti1<\/div><div class=\"n2-ss-layers-container n2-ss-slide-limiter n2-ow\"><div class=\"n2-ss-layer n2-ow n-uc-5jSX8qgXBqq1\" data-sstype=\"slide\" data-pm=\"default\"><\/div><\/div><\/div>                    <\/div>\n\n                                    <\/div>\n            <\/div>\n        <\/div>\n        <div class=\"n2-ss-slider-controls n2-ss-slider-controls-absolute-left-center\"><div style=\"--widget-offset:15px;\" class=\"n2-ss-widget nextend-arrow n2-ow-all nextend-arrow-previous  nextend-arrow-animated-fade\" data-hide-mobileportrait=\"1\" id=\"n2-ss-2-arrow-previous\" role=\"button\" aria-label=\"previous arrow\" tabindex=\"0\"><img loading=\"lazy\" decoding=\"async\" width=\"32\" height=\"32\" class=\"skip-lazy jetpack-lazy-image\" data-skip-lazy=\"1\" src=\"data:image\/svg+xml;base64,PHN2ZyB3aWR0aD0iMzIiIGhlaWdodD0iMzIiIHZpZXdCb3g9IjAgMCAzMiAzMiIgeG1sbnM9Imh0dHA6Ly93d3cudzMub3JnLzIwMDAvc3ZnIj4KICAgIDxwYXRoIGQ9Ik0xMS40MzMgMTUuOTkyTDIyLjY5IDUuNzEyYy4zOTMtLjM5LjM5My0xLjAzIDAtMS40Mi0uMzkzLS4zOS0xLjAzLS4zOS0xLjQyMyAwbC0xMS45OCAxMC45NGMtLjIxLjIxLS4zLjQ5LS4yODUuNzYtLjAxNS4yOC4wNzUuNTYuMjg0Ljc3bDExLjk4IDEwLjk0Yy4zOTMuMzkgMS4wMy4zOSAxLjQyNCAwIC4zOTMtLjQuMzkzLTEuMDMgMC0xLjQybC0xMS4yNTctMTAuMjkiCiAgICAgICAgICBmaWxsPSIjZmZmZmZmIiBvcGFjaXR5PSIwLjgiIGZpbGwtcnVsZT0iZXZlbm9kZCIvPgo8L3N2Zz4=\" alt=\"previous arrow\"><\/div><\/div><div class=\"n2-ss-slider-controls n2-ss-slider-controls-absolute-right-center\"><div style=\"--widget-offset:15px;\" class=\"n2-ss-widget nextend-arrow n2-ow-all nextend-arrow-next  nextend-arrow-animated-fade\" data-hide-mobileportrait=\"1\" id=\"n2-ss-2-arrow-next\" role=\"button\" aria-label=\"next arrow\" tabindex=\"0\"><img loading=\"lazy\" decoding=\"async\" width=\"32\" height=\"32\" class=\"skip-lazy jetpack-lazy-image\" data-skip-lazy=\"1\" src=\"data:image\/svg+xml;base64,PHN2ZyB3aWR0aD0iMzIiIGhlaWdodD0iMzIiIHZpZXdCb3g9IjAgMCAzMiAzMiIgeG1sbnM9Imh0dHA6Ly93d3cudzMub3JnLzIwMDAvc3ZnIj4KICAgIDxwYXRoIGQ9Ik0xMC43MjIgNC4yOTNjLS4zOTQtLjM5LTEuMDMyLS4zOS0xLjQyNyAwLS4zOTMuMzktLjM5MyAxLjAzIDAgMS40MmwxMS4yODMgMTAuMjgtMTEuMjgzIDEwLjI5Yy0uMzkzLjM5LS4zOTMgMS4wMiAwIDEuNDIuMzk1LjM5IDEuMDMzLjM5IDEuNDI3IDBsMTIuMDA3LTEwLjk0Yy4yMS0uMjEuMy0uNDkuMjg0LS43Ny4wMTQtLjI3LS4wNzYtLjU1LS4yODYtLjc2TDEwLjcyIDQuMjkzeiIKICAgICAgICAgIGZpbGw9IiNmZmZmZmYiIG9wYWNpdHk9IjAuOCIgZmlsbC1ydWxlPSJldmVub2RkIi8+Cjwvc3ZnPg==\" alt=\"next arrow\"><\/div><\/div><\/div><\/div><ss3-loader><\/ss3-loader><\/div><\/div><div class=\"n2_clear\"><\/div><\/div><\/ss3-force-full-width><\/div>\n\n\n<div style=\"height:50px\" aria-hidden=\"true\" class=\"wp-block-spacer\"><\/div>\n\n\n<h2 class=\"has-text-align-center wp-block-post-title\">Tervetuloa Kyyhkyl\u00e4n p\u00e4iv\u00e4kotiin<\/h2>\n\n\n<div style=\"height:63px\" aria-hidden=\"true\" class=\"wp-block-spacer\"><\/div>\n\n\n\n<div class=\"wp-block-columns is-layout-flex wp-container-core-columns-is-layout-28f84493 wp-block-columns-is-layout-flex\">\n<div class=\"wp-block-column is-layout-flow wp-block-column-is-layout-flow\">\n<p>Kyyhkyl\u00e4n p\u00e4iv\u00e4koti on Kyyhkyl\u00e4n p\u00e4iv\u00e4kotiyhdistys ry:n yll\u00e4pit\u00e4m\u00e4 pieni yksityinen voittoa tavoittelematon p\u00e4iv\u00e4koti Mikkeliss\u00e4. P\u00e4iv\u00e4koti on aloittanut toimintansa vuonna 1978.<\/p>\n\n\n\n<p>Kyyhkyl\u00e4n p\u00e4iv\u00e4kodissa toimii kolme lapsiryhm\u00e4\u00e4 1-6 -vuotiaille lapsille.<\/p>\n\n\n\n<p>Kyyhkyl\u00e4n p\u00e4iv\u00e4koti toimii kahdessa l\u00e4hekk\u00e4in sijaitsevassa rakennuksessa:<\/p>\n\n\n\n<ul class=\"wp-block-list\">\n<li><strong>P\u00e4iv\u00e4kotirakennus<\/strong>, jossa on <strong>Tammenterhojen<\/strong> ryhm\u00e4 (1-2 vuotiaat) ja <strong>Tuomenkukkien<\/strong> ryhm\u00e4 (3-4 -vuotiaat) sek\u00e4&nbsp;<\/li>\n\n\n\n<li><strong>Pihapirtti<\/strong>, jossa toimivat <strong>viskarit<\/strong> ja <strong>eskarit<\/strong>.<\/li>\n<\/ul>\n<\/div>\n<\/div>\n\n\n\n<div class=\"wp-block-columns is-layout-flex wp-container-core-columns-is-layout-28f84493 wp-block-columns-is-layout-flex\">\n<div class=\"wp-block-column is-layout-flow wp-block-column-is-layout-flow\">\n<figure class=\"wp-block-image size-full has-custom-border\"><img loading=\"lazy\" decoding=\"async\" width=\"500\" height=\"375\" src=\"https:\/\/www.hl-mark.fi\/kotisivulaboratorio\/kyyhkpaivak\/files\/2024\/08\/ruutu2.jpg\" alt=\"\" class=\"wp-image-29\" style=\"border-radius:20px\" srcset=\"https:\/\/dev.kyyhkylanpaivakoti.fi\/wp-content\/uploads\/2024\/08\/ruutu2.jpg 500w, https:\/\/dev.kyyhkylanpaivakoti.fi\/wp-content\/uploads\/2024\/08\/ruutu2-300x225.jpg 300w\" sizes=\"auto, (max-width: 500px) 100vw, 500px\" \/><\/figure>\n<\/div>\n\n\n\n<div class=\"wp-block-column is-layout-flow wp-block-column-is-layout-flow\">\n<p>Kyyhkyl\u00e4n p\u00e4iv\u00e4koti sijaitsee historiallisella ja kauniilla Porrassalmen alueella. P\u00e4iv\u00e4kodin piha ja sit\u00e4 ymp\u00e4r\u00f6iv\u00e4 luonto tarjoavat virikkeellisen ja kaikkia aisteja ruokkivan toimintaymp\u00e4rist\u00f6n. Liikkumiseen tarjoaa hyv\u00e4t mahdollisuudet p\u00e4iv\u00e4kotia ymp\u00e4r\u00f6iv\u00e4t mets\u00e4t, joissa on luontopolkuja laavuineen sek\u00e4 pellot, joihin saamme talvisin hiihtoladut.<\/p>\n\n\n\n<p>Maistuvan ja monipuolisen ruoan tilaamme Riitan sapuskasta.\u00a0<\/p>\n<\/div>\n<\/div>\n\n\n\n<div class=\"wp-block-columns is-layout-flex wp-container-core-columns-is-layout-28f84493 wp-block-columns-is-layout-flex\">\n<div class=\"wp-block-column is-layout-flow wp-block-column-is-layout-flow\">\n<p>Meille on t\u00e4rke\u00e4\u00e4 kohdata perheet l\u00e4mpim\u00e4sti ja arvostaen. Yll\u00e4pid\u00e4mme tiivist\u00e4 ja avointa yhteisty\u00f6t\u00e4 vanhempien kanssa. Otamme perheiden toiveet huomioon.<\/p>\n\n\n\n<p>P\u00e4iv\u00e4kotimme vahvuus on aidosti l\u00e4sn\u00e4 oleva, pysyv\u00e4 ja osaava henkil\u00f6kunta, joka on kiinnostunut ja innostunut ty\u00f6st\u00e4\u00e4n.<\/p>\n<\/div>\n\n\n\n<div class=\"wp-block-column is-layout-flow wp-block-column-is-layout-flow\">\n<figure class=\"wp-block-image size-full has-custom-border\"><img loading=\"lazy\" decoding=\"async\" width=\"500\" height=\"375\" src=\"https:\/\/www.hl-mark.fi\/kotisivulaboratorio\/kyyhkpaivak\/files\/2024\/08\/ruutu4.jpg\" alt=\"\" class=\"wp-image-30\" style=\"border-radius:20px\" srcset=\"https:\/\/dev.kyyhkylanpaivakoti.fi\/wp-content\/uploads\/2024\/08\/ruutu4.jpg 500w, https:\/\/dev.kyyhkylanpaivakoti.fi\/wp-content\/uploads\/2024\/08\/ruutu4-300x225.jpg 300w\" sizes=\"auto, (max-width: 500px) 100vw, 500px\" \/><\/figure>\n<\/div>\n<\/div>\n\n\n\n<div class=\"wp-block-columns is-layout-flex wp-container-core-columns-is-layout-28f84493 wp-block-columns-is-layout-flex\">\n<div class=\"wp-block-column is-layout-flow wp-block-column-is-layout-flow\">\n<figure class=\"wp-block-image size-full has-custom-border\"><img loading=\"lazy\" decoding=\"async\" width=\"500\" height=\"375\" src=\"https:\/\/www.hl-mark.fi\/kotisivulaboratorio\/kyyhkpaivak\/files\/2024\/08\/ruutu1.jpg\" alt=\"\" class=\"wp-image-31\" style=\"border-radius:20px\" srcset=\"https:\/\/dev.kyyhkylanpaivakoti.fi\/wp-content\/uploads\/2024\/08\/ruutu1.jpg 500w, https:\/\/dev.kyyhkylanpaivakoti.fi\/wp-content\/uploads\/2024\/08\/ruutu1-300x225.jpg 300w\" sizes=\"auto, (max-width: 500px) 100vw, 500px\" \/><\/figure>\n<\/div>\n\n\n\n<div class=\"wp-block-column is-layout-flow wp-block-column-is-layout-flow\">\n<p>Lapsille haluamme luoda fyysisesti, psyykkisesti ja sosiaalisesti turvallisen oppimisymp\u00e4rist\u00f6n.<\/p>\n\n\n\n<p>P\u00e4iv\u00e4kodissamme on k\u00e4yt\u00f6ss\u00e4 yksityisten p\u00e4iv\u00e4kotien palveluseteli. Perhe hakee palveluseteli\u00e4 Mikkelin kaupungilta varhaiskasvatuspaikan saatuaan. Varhaiskasvatusmaksut m\u00e4\u00e4r\u00e4ytyv\u00e4t kunnallisten varhaiskasvatusmaksujen mukaan.<\/p>\n\n\n\n<p>Varhaiskasvatusmaksuun lis\u00e4t\u00e4\u00e4n omavastuulis\u00e4, joka on 20 euroa kuukaudessa.<\/p>\n<\/div>\n<\/div>\n\n\n\n<p class=\"has-text-align-center\">L\u00f6yd\u00e4t meid\u00e4t instagramista nimell\u00e4 @kyyhkylanpaivakoti<\/p>\n","protected":false},"excerpt":{"rendered":"<p>Kyyhkyl\u00e4n p\u00e4iv\u00e4koti on Kyyhkyl\u00e4n p\u00e4iv\u00e4kotiyhdistys ry:n yll\u00e4pit\u00e4m\u00e4 pieni yksityinen voittoa tavoittelematon p\u00e4iv\u00e4koti Mikkeliss\u00e4. P\u00e4iv\u00e4koti on aloittanut toimintansa vuonna 1978. Kyyhkyl\u00e4n [&hellip;]<\/p>\n","protected":false},"author":1,"featured_media":0,"parent":0,"menu_order":0,"comment_status":"closed","ping_status":"closed","template":"","meta":{"site-sidebar-layout":"default","site-content-layout":"","ast-site-content-layout":"","site-content-style":"default","site-sidebar-style":"default","ast-global-header-display":"","ast-banner-title-visibility":"","ast-main-header-display":"","ast-hfb-above-header-display":"","ast-hfb-below-header-display":"","ast-hfb-mobile-header-display":"","site-post-title":"disabled","ast-breadcrumbs-content":"","ast-featured-img":"","footer-sml-layout":"","theme-transparent-header-meta":"","adv-header-id-meta":"","stick-header-meta":"","header-above-stick-meta":"","header-main-stick-meta":"","header-below-stick-meta":"","astra-migrate-meta-layouts":"default","ast-page-background-enabled":"default","ast-page-background-meta":{"desktop":{"background-color":"var(--ast-global-color-4)","background-image":"","background-repeat":"repeat","background-position":"center center","background-size":"auto","background-attachment":"scroll","background-type":"","background-media":"","overlay-type":"","overlay-color":"","overlay-opacity":"","overlay-gradient":""},"tablet":{"background-color":"","background-image":"","background-repeat":"repeat","background-position":"center center","background-size":"auto","background-attachment":"scroll","background-type":"","background-media":"","overlay-type":"","overlay-color":"","overlay-opacity":"","overlay-gradient":""},"mobile":{"background-color":"","background-image":"","background-repeat":"repeat","background-position":"center center","background-size":"auto","background-attachment":"scroll","background-type":"","background-media":"","overlay-type":"","overlay-color":"","overlay-opacity":"","overlay-gradient":""}},"ast-content-background-meta":{"desktop":{"background-color":"var(--ast-global-color-5)","background-image":"","background-repeat":"repeat","background-position":"center center","background-size":"auto","background-attachment":"scroll","background-type":"","background-media":"","overlay-type":"","overlay-color":"","overlay-opacity":"","overlay-gradient":""},"tablet":{"background-color":"var(--ast-global-color-5)","background-image":"","background-repeat":"repeat","background-position":"center center","background-size":"auto","background-attachment":"scroll","background-type":"","background-media":"","overlay-type":"","overlay-color":"","overlay-opacity":"","overlay-gradient":""},"mobile":{"background-color":"var(--ast-global-color-5)","background-image":"","background-repeat":"repeat","background-position":"center center","background-size":"auto","background-attachment":"scroll","background-type":"","background-media":"","overlay-type":"","overlay-color":"","overlay-opacity":"","overlay-gradient":""}},"footnotes":""},"class_list":["post-105","page","type-page","status-publish","hentry"],"yoast_head":"<!-- This site is optimized with the Yoast SEO plugin v27.3 - https:\/\/yoast.com\/product\/yoast-seo-wordpress\/ -->\n<title>Tervetuloa Kyyhkyl\u00e4n p\u00e4iv\u00e4kotiin - Kyyhkyl\u00e4n p\u00e4iv\u00e4koti<\/title>\n<meta name=\"robots\" content=\"index, follow, max-snippet:-1, max-image-preview:large, max-video-preview:-1\" \/>\n<link rel=\"canonical\" href=\"https:\/\/dev.kyyhkylanpaivakoti.fi\/\" \/>\n<meta property=\"og:locale\" content=\"fi_FI\" \/>\n<meta property=\"og:type\" content=\"article\" \/>\n<meta property=\"og:title\" content=\"Tervetuloa Kyyhkyl\u00e4n p\u00e4iv\u00e4kotiin - Kyyhkyl\u00e4n p\u00e4iv\u00e4koti\" \/>\n<meta property=\"og:description\" content=\"Kyyhkyl\u00e4n p\u00e4iv\u00e4koti on Kyyhkyl\u00e4n p\u00e4iv\u00e4kotiyhdistys ry:n yll\u00e4pit\u00e4m\u00e4 pieni yksityinen voittoa tavoittelematon p\u00e4iv\u00e4koti Mikkeliss\u00e4. P\u00e4iv\u00e4koti on aloittanut toimintansa vuonna 1978. Kyyhkyl\u00e4n [&hellip;]\" \/>\n<meta property=\"og:url\" content=\"https:\/\/dev.kyyhkylanpaivakoti.fi\/\" \/>\n<meta property=\"og:site_name\" content=\"Kyyhkyl\u00e4n p\u00e4iv\u00e4koti\" \/>\n<meta property=\"article:modified_time\" content=\"2024-10-23T10:48:19+00:00\" \/>\n<meta property=\"og:image\" content=\"https:\/\/www.hl-mark.fi\/kotisivulaboratorio\/kyyhkpaivak\/files\/2024\/08\/ruutu2.jpg\" \/>\n<meta name=\"twitter:card\" content=\"summary_large_image\" \/>\n<meta name=\"twitter:label1\" content=\"Arvioitu lukuaika\" \/>\n\t<meta name=\"twitter:data1\" content=\"2 minuuttia\" \/>\n<script type=\"application\/ld+json\" class=\"yoast-schema-graph\">{\"@context\":\"https:\\\/\\\/schema.org\",\"@graph\":[{\"@type\":\"WebPage\",\"@id\":\"https:\\\/\\\/dev.kyyhkylanpaivakoti.fi\\\/\",\"url\":\"https:\\\/\\\/dev.kyyhkylanpaivakoti.fi\\\/\",\"name\":\"Tervetuloa Kyyhkyl\u00e4n p\u00e4iv\u00e4kotiin - Kyyhkyl\u00e4n p\u00e4iv\u00e4koti\",\"isPartOf\":{\"@id\":\"https:\\\/\\\/dev.kyyhkylanpaivakoti.fi\\\/#website\"},\"primaryImageOfPage\":{\"@id\":\"https:\\\/\\\/dev.kyyhkylanpaivakoti.fi\\\/#primaryimage\"},\"image\":{\"@id\":\"https:\\\/\\\/dev.kyyhkylanpaivakoti.fi\\\/#primaryimage\"},\"thumbnailUrl\":\"https:\\\/\\\/www.hl-mark.fi\\\/kotisivulaboratorio\\\/kyyhkpaivak\\\/files\\\/2024\\\/08\\\/ruutu2.jpg\",\"datePublished\":\"2024-08-23T06:29:20+00:00\",\"dateModified\":\"2024-10-23T10:48:19+00:00\",\"breadcrumb\":{\"@id\":\"https:\\\/\\\/dev.kyyhkylanpaivakoti.fi\\\/#breadcrumb\"},\"inLanguage\":\"fi\",\"potentialAction\":[{\"@type\":\"ReadAction\",\"target\":[\"https:\\\/\\\/dev.kyyhkylanpaivakoti.fi\\\/\"]}]},{\"@type\":\"ImageObject\",\"inLanguage\":\"fi\",\"@id\":\"https:\\\/\\\/dev.kyyhkylanpaivakoti.fi\\\/#primaryimage\",\"url\":\"https:\\\/\\\/www.hl-mark.fi\\\/kotisivulaboratorio\\\/kyyhkpaivak\\\/files\\\/2024\\\/08\\\/ruutu2.jpg\",\"contentUrl\":\"https:\\\/\\\/www.hl-mark.fi\\\/kotisivulaboratorio\\\/kyyhkpaivak\\\/files\\\/2024\\\/08\\\/ruutu2.jpg\"},{\"@type\":\"BreadcrumbList\",\"@id\":\"https:\\\/\\\/dev.kyyhkylanpaivakoti.fi\\\/#breadcrumb\",\"itemListElement\":[{\"@type\":\"ListItem\",\"position\":1,\"name\":\"Etusivu\",\"item\":\"https:\\\/\\\/dev.kyyhkylanpaivakoti.fi\\\/\"},{\"@type\":\"ListItem\",\"position\":2,\"name\":\"Tervetuloa Kyyhkyl\u00e4n p\u00e4iv\u00e4kotiin\"}]},{\"@type\":\"WebSite\",\"@id\":\"https:\\\/\\\/dev.kyyhkylanpaivakoti.fi\\\/#website\",\"url\":\"https:\\\/\\\/dev.kyyhkylanpaivakoti.fi\\\/\",\"name\":\"Kyyhkyl\u00e4n p\u00e4iv\u00e4koti\",\"description\":\"\",\"publisher\":{\"@id\":\"https:\\\/\\\/dev.kyyhkylanpaivakoti.fi\\\/#organization\"},\"potentialAction\":[{\"@type\":\"SearchAction\",\"target\":{\"@type\":\"EntryPoint\",\"urlTemplate\":\"https:\\\/\\\/dev.kyyhkylanpaivakoti.fi\\\/?s={search_term_string}\"},\"query-input\":{\"@type\":\"PropertyValueSpecification\",\"valueRequired\":true,\"valueName\":\"search_term_string\"}}],\"inLanguage\":\"fi\"},{\"@type\":\"Organization\",\"@id\":\"https:\\\/\\\/dev.kyyhkylanpaivakoti.fi\\\/#organization\",\"name\":\"Kyyhkyl\u00e4n p\u00e4iv\u00e4koti\",\"url\":\"https:\\\/\\\/dev.kyyhkylanpaivakoti.fi\\\/\",\"logo\":{\"@type\":\"ImageObject\",\"inLanguage\":\"fi\",\"@id\":\"https:\\\/\\\/dev.kyyhkylanpaivakoti.fi\\\/#\\\/schema\\\/logo\\\/image\\\/\",\"url\":\"https:\\\/\\\/dev.kyyhkylanpaivakoti.fi\\\/wp-content\\\/uploads\\\/2024\\\/08\\\/kyyhkyla-mobiililogo2.png\",\"contentUrl\":\"https:\\\/\\\/dev.kyyhkylanpaivakoti.fi\\\/wp-content\\\/uploads\\\/2024\\\/08\\\/kyyhkyla-mobiililogo2.png\",\"width\":585,\"height\":451,\"caption\":\"Kyyhkyl\u00e4n p\u00e4iv\u00e4koti\"},\"image\":{\"@id\":\"https:\\\/\\\/dev.kyyhkylanpaivakoti.fi\\\/#\\\/schema\\\/logo\\\/image\\\/\"}}]}<\/script>\n<!-- \/ Yoast SEO plugin. -->","yoast_head_json":{"title":"Tervetuloa Kyyhkyl\u00e4n p\u00e4iv\u00e4kotiin - Kyyhkyl\u00e4n p\u00e4iv\u00e4koti","robots":{"index":"index","follow":"follow","max-snippet":"max-snippet:-1","max-image-preview":"max-image-preview:large","max-video-preview":"max-video-preview:-1"},"canonical":"https:\/\/dev.kyyhkylanpaivakoti.fi\/","og_locale":"fi_FI","og_type":"article","og_title":"Tervetuloa Kyyhkyl\u00e4n p\u00e4iv\u00e4kotiin - Kyyhkyl\u00e4n p\u00e4iv\u00e4koti","og_description":"Kyyhkyl\u00e4n p\u00e4iv\u00e4koti on Kyyhkyl\u00e4n p\u00e4iv\u00e4kotiyhdistys ry:n yll\u00e4pit\u00e4m\u00e4 pieni yksityinen voittoa tavoittelematon p\u00e4iv\u00e4koti Mikkeliss\u00e4. P\u00e4iv\u00e4koti on aloittanut toimintansa vuonna 1978. Kyyhkyl\u00e4n [&hellip;]","og_url":"https:\/\/dev.kyyhkylanpaivakoti.fi\/","og_site_name":"Kyyhkyl\u00e4n p\u00e4iv\u00e4koti","article_modified_time":"2024-10-23T10:48:19+00:00","og_image":[{"url":"https:\/\/www.hl-mark.fi\/kotisivulaboratorio\/kyyhkpaivak\/files\/2024\/08\/ruutu2.jpg","type":"","width":"","height":""}],"twitter_card":"summary_large_image","twitter_misc":{"Arvioitu lukuaika":"2 minuuttia"},"schema":{"@context":"https:\/\/schema.org","@graph":[{"@type":"WebPage","@id":"https:\/\/dev.kyyhkylanpaivakoti.fi\/","url":"https:\/\/dev.kyyhkylanpaivakoti.fi\/","name":"Tervetuloa Kyyhkyl\u00e4n p\u00e4iv\u00e4kotiin - Kyyhkyl\u00e4n p\u00e4iv\u00e4koti","isPartOf":{"@id":"https:\/\/dev.kyyhkylanpaivakoti.fi\/#website"},"primaryImageOfPage":{"@id":"https:\/\/dev.kyyhkylanpaivakoti.fi\/#primaryimage"},"image":{"@id":"https:\/\/dev.kyyhkylanpaivakoti.fi\/#primaryimage"},"thumbnailUrl":"https:\/\/www.hl-mark.fi\/kotisivulaboratorio\/kyyhkpaivak\/files\/2024\/08\/ruutu2.jpg","datePublished":"2024-08-23T06:29:20+00:00","dateModified":"2024-10-23T10:48:19+00:00","breadcrumb":{"@id":"https:\/\/dev.kyyhkylanpaivakoti.fi\/#breadcrumb"},"inLanguage":"fi","potentialAction":[{"@type":"ReadAction","target":["https:\/\/dev.kyyhkylanpaivakoti.fi\/"]}]},{"@type":"ImageObject","inLanguage":"fi","@id":"https:\/\/dev.kyyhkylanpaivakoti.fi\/#primaryimage","url":"https:\/\/www.hl-mark.fi\/kotisivulaboratorio\/kyyhkpaivak\/files\/2024\/08\/ruutu2.jpg","contentUrl":"https:\/\/www.hl-mark.fi\/kotisivulaboratorio\/kyyhkpaivak\/files\/2024\/08\/ruutu2.jpg"},{"@type":"BreadcrumbList","@id":"https:\/\/dev.kyyhkylanpaivakoti.fi\/#breadcrumb","itemListElement":[{"@type":"ListItem","position":1,"name":"Etusivu","item":"https:\/\/dev.kyyhkylanpaivakoti.fi\/"},{"@type":"ListItem","position":2,"name":"Tervetuloa Kyyhkyl\u00e4n p\u00e4iv\u00e4kotiin"}]},{"@type":"WebSite","@id":"https:\/\/dev.kyyhkylanpaivakoti.fi\/#website","url":"https:\/\/dev.kyyhkylanpaivakoti.fi\/","name":"Kyyhkyl\u00e4n p\u00e4iv\u00e4koti","description":"","publisher":{"@id":"https:\/\/dev.kyyhkylanpaivakoti.fi\/#organization"},"potentialAction":[{"@type":"SearchAction","target":{"@type":"EntryPoint","urlTemplate":"https:\/\/dev.kyyhkylanpaivakoti.fi\/?s={search_term_string}"},"query-input":{"@type":"PropertyValueSpecification","valueRequired":true,"valueName":"search_term_string"}}],"inLanguage":"fi"},{"@type":"Organization","@id":"https:\/\/dev.kyyhkylanpaivakoti.fi\/#organization","name":"Kyyhkyl\u00e4n p\u00e4iv\u00e4koti","url":"https:\/\/dev.kyyhkylanpaivakoti.fi\/","logo":{"@type":"ImageObject","inLanguage":"fi","@id":"https:\/\/dev.kyyhkylanpaivakoti.fi\/#\/schema\/logo\/image\/","url":"https:\/\/dev.kyyhkylanpaivakoti.fi\/wp-content\/uploads\/2024\/08\/kyyhkyla-mobiililogo2.png","contentUrl":"https:\/\/dev.kyyhkylanpaivakoti.fi\/wp-content\/uploads\/2024\/08\/kyyhkyla-mobiililogo2.png","width":585,"height":451,"caption":"Kyyhkyl\u00e4n p\u00e4iv\u00e4koti"},"image":{"@id":"https:\/\/dev.kyyhkylanpaivakoti.fi\/#\/schema\/logo\/image\/"}}]}},"_links":{"self":[{"href":"https:\/\/dev.kyyhkylanpaivakoti.fi\/index.php\/wp-json\/wp\/v2\/pages\/105","targetHints":{"allow":["GET"]}}],"collection":[{"href":"https:\/\/dev.kyyhkylanpaivakoti.fi\/index.php\/wp-json\/wp\/v2\/pages"}],"about":[{"href":"https:\/\/dev.kyyhkylanpaivakoti.fi\/index.php\/wp-json\/wp\/v2\/types\/page"}],"author":[{"embeddable":true,"href":"https:\/\/dev.kyyhkylanpaivakoti.fi\/index.php\/wp-json\/wp\/v2\/users\/1"}],"replies":[{"embeddable":true,"href":"https:\/\/dev.kyyhkylanpaivakoti.fi\/index.php\/wp-json\/wp\/v2\/comments?post=105"}],"version-history":[{"count":2,"href":"https:\/\/dev.kyyhkylanpaivakoti.fi\/index.php\/wp-json\/wp\/v2\/pages\/105\/revisions"}],"predecessor-version":[{"id":180,"href":"https:\/\/dev.kyyhkylanpaivakoti.fi\/index.php\/wp-json\/wp\/v2\/pages\/105\/revisions\/180"}],"wp:attachment":[{"href":"https:\/\/dev.kyyhkylanpaivakoti.fi\/index.php\/wp-json\/wp\/v2\/media?parent=105"}],"curies":[{"name":"wp","href":"https:\/\/api.w.org\/{rel}","templated":true}]}}